{"id":488,"date":"2024-12-09T13:50:36","date_gmt":"2024-12-09T13:50:36","guid":{"rendered":"https:\/\/itexperte24.de\/?page_id=488"},"modified":"2026-04-18T21:40:32","modified_gmt":"2026-04-18T21:40:32","slug":"it-support-und-wartung","status":"publish","type":"page","link":"https:\/\/itexperte24.de\/en\/it-support-und-wartung\/","title":{"rendered":"IT Support &amp; Wartung"},"content":{"rendered":"<div data-elementor-type=\"wp-page\" data-elementor-id=\"488\" class=\"elementor elementor-488\" data-elementor-post-type=\"page\">\n\t\t\t\t<div class=\"elementor-element elementor-element-dc74aae e-con-full e-flex e-con e-parent\" data-id=\"dc74aae\" data-element_type=\"container\" data-e-type=\"container\" data-settings=\"{&quot;background_background&quot;:&quot;classic&quot;}\">\n\t\t<div class=\"elementor-element elementor-element-acb1131 e-con-full e-flex e-con e-child\" data-id=\"acb1131\" data-element_type=\"container\" data-e-type=\"container\">\n\t\t\t\t<div class=\"elementor-element elementor-element-ff228d0 elementor-invisible elementor-widget elementor-widget-heading\" data-id=\"ff228d0\" data-element_type=\"widget\" data-e-type=\"widget\" data-settings=\"{&quot;_animation&quot;:&quot;fadeInLeft&quot;}\" data-widget_type=\"heading.default\">\n\t\t\t\t\t<h2 class=\"elementor-heading-title elementor-size-default\">Effizient, nachhaltig und kostensparend<\/h2>\t\t\t\t<\/div>\n\t\t\t\t<div class=\"elementor-element elementor-element-1b44178 elementor-invisible elementor-widget elementor-widget-heading\" data-id=\"1b44178\" data-element_type=\"widget\" data-e-type=\"widget\" data-settings=\"{&quot;_animation&quot;:&quot;fadeInLeft&quot;}\" data-widget_type=\"heading.default\">\n\t\t\t\t\t<h1 class=\"elementor-heading-title elementor-size-default\">IT-Wartung und Support<\/h1>\t\t\t\t<\/div>\n\t\t\t\t<div class=\"elementor-element elementor-element-c233d13 elementor-invisible elementor-widget elementor-widget-text-editor\" data-id=\"c233d13\" data-element_type=\"widget\" data-e-type=\"widget\" data-settings=\"{&quot;_animation&quot;:&quot;fadeInRight&quot;}\" data-widget_type=\"text-editor.default\">\n\t\t\t\t\t\t\t\t\t<p data-start=\"242\" data-end=\"437\">Unsere herstellerunabh\u00e4ngige IT-Wartung und IT-Support verl\u00e4ngern die Lebensdauer Ihrer Infrastruktur, senken Kosten und sichern die Systemverf\u00fcgbarkeit \u2013 auch nach Ablauf der Herstellergarantie.<\/p>\t\t\t\t\t\t\t\t<\/div>\n\t\t<div class=\"elementor-element elementor-element-ecf87ff e-con-full e-flex e-con e-child\" data-id=\"ecf87ff\" data-element_type=\"container\" data-e-type=\"container\">\n\t\t\t\t<div class=\"elementor-element elementor-element-dc1a403 elementor-mobile-align-center animated-slow elementor-align-center elementor-tablet-align-center elementor-invisible elementor-widget elementor-widget-button\" data-id=\"dc1a403\" data-element_type=\"widget\" data-e-type=\"widget\" data-settings=\"{&quot;_animation&quot;:&quot;fadeInDown&quot;,&quot;_animation_delay&quot;:200}\" data-widget_type=\"button.default\">\n\t\t\t\t\t\t\t\t\t\t<a class=\"elementor-button elementor-button-link elementor-size-lg\" href=\"mailto:service@itexperte24.de\">\n\t\t\t\t\t\t<span class=\"elementor-button-content-wrapper\">\n\t\t\t\t\t\t\t\t\t<span class=\"elementor-button-text\">Write us an email<\/span>\n\t\t\t\t\t<\/span>\n\t\t\t\t\t<\/a>\n\t\t\t\t\t\t\t\t<\/div>\n\t\t\t\t<div class=\"elementor-element elementor-element-17563e2 elementor-mobile-align-center animated-slow elementor-align-center elementor-tablet-align-center elementor-invisible elementor-widget elementor-widget-button\" data-id=\"17563e2\" data-element_type=\"widget\" data-e-type=\"widget\" data-settings=\"{&quot;_animation&quot;:&quot;fadeInUp&quot;,&quot;_animation_delay&quot;:200}\" data-widget_type=\"button.default\">\n\t\t\t\t\t\t\t\t\t\t<a class=\"elementor-button elementor-button-link elementor-size-lg\" href=\"tel:015735614721\">\n\t\t\t\t\t\t<span class=\"elementor-button-content-wrapper\">\n\t\t\t\t\t\t\t\t\t<span class=\"elementor-button-text\">Contact immediately<\/span>\n\t\t\t\t\t<\/span>\n\t\t\t\t\t<\/a>\n\t\t\t\t\t\t\t\t<\/div>\n\t\t\t\t<\/div>\n\t\t\t\t<\/div>\n\t\t<div class=\"elementor-element elementor-element-34fe197 e-con-full e-flex e-con e-child\" data-id=\"34fe197\" data-element_type=\"container\" data-e-type=\"container\">\n\t\t\t\t<\/div>\n\t\t\t\t<\/div>\n\t\t<div class=\"elementor-element elementor-element-2fe7810 e-flex e-con-boxed e-con e-parent\" data-id=\"2fe7810\" data-element_type=\"container\" data-e-type=\"container\">\n\t\t\t\t\t<div class=\"e-con-inner\">\n\t\t<div class=\"elementor-element elementor-element-f0a8686 e-con-full e-flex e-con e-child\" data-id=\"f0a8686\" data-element_type=\"container\" data-e-type=\"container\">\n\t\t\t\t<div class=\"elementor-element elementor-element-91c57b1 elementor-widget elementor-widget-text-editor\" data-id=\"91c57b1\" data-element_type=\"widget\" data-e-type=\"widget\" data-widget_type=\"text-editor.default\">\n\t\t\t\t\t\t\t\t\t<p data-start=\"141\" data-end=\"470\">Zuverl\u00e4ssige IT-Systeme bilden die Basis jedes Unternehmens. F\u00e4llt eine Komponente aus oder arbeitet nicht stabil, geraten h\u00e4ufig ganze Gesch\u00e4ftsprozesse ins Stocken. In solchen Situationen kommt es nicht nur auf schnelle Reaktionszeiten an, sondern ebenso auf fundiertes technisches Know-how \u2013 genau hier setzt unser Service an.<\/p><p data-start=\"472\" data-end=\"809\">Seit mehr als 40 Jahren begleiten wir Unternehmen weltweit mit individuell abgestimmten IT-Wartungskonzepten. Unsere Service-Organisation geh\u00f6rt zu den leistungsst\u00e4rksten am Markt: Ein erfahrenes Team aus Consultants und zertifizierten Technikern betreut \u00fcber 4.000 Kunden \u2013 vom mittelst\u00e4ndischen Betrieb bis zum internationalen Konzern.<\/p><p data-start=\"811\" data-end=\"1237\" data-is-last-node=\"\" data-is-only-node=\"\">Was uns besonders macht, ist die Verbindung aus Geschwindigkeit, Qualit\u00e4t und Wirtschaftlichkeit. Ob geplante Wartung oder akuter St\u00f6rfall \u2013 wir stehen Ihnen rund um die Uhr zur Verf\u00fcgung. Mit klar definierten Prozessen, verl\u00e4sslichen SLA-Modellen und technischem Expertenwissen auf h\u00f6chstem Niveau stellen wir sicher, dass Ihre IT langfristig stabil und leistungsf\u00e4hig bleibt. International. Herstellerunabh\u00e4ngig. Pers\u00f6nlich.<\/p>\t\t\t\t\t\t\t\t<\/div>\n\t\t\t\t<\/div>\n\t\t<div class=\"elementor-element elementor-element-411316f e-con-full e-flex e-con e-child\" data-id=\"411316f\" data-element_type=\"container\" data-e-type=\"container\">\n\t\t\t\t<div class=\"elementor-element elementor-element-efae133 elementor-widget elementor-widget-heading\" data-id=\"efae133\" data-element_type=\"widget\" data-e-type=\"widget\" data-widget_type=\"heading.default\">\n\t\t\t\t\t<span class=\"elementor-heading-title elementor-size-default\">Schnell, rund um die Uhr, f\u00fcr sie vor ort<\/span>\t\t\t\t<\/div>\n\t\t\t\t<div class=\"elementor-element elementor-element-e423425 elementor-widget elementor-widget-heading\" data-id=\"e423425\" data-element_type=\"widget\" data-e-type=\"widget\" data-widget_type=\"heading.default\">\n\t\t\t\t\t<h2 class=\"elementor-heading-title elementor-size-default\">Reaktionsstarke IT-Wartung<br>f\u00fcr unternehmenskritische<br>Infrastrukturen\n<\/h2>\t\t\t\t<\/div>\n\t\t\t\t<\/div>\n\t\t\t\t\t<\/div>\n\t\t\t\t<\/div>\n\t\t<div class=\"elementor-element elementor-element-beded99 e-flex e-con-boxed e-con e-child\" data-id=\"beded99\" data-element_type=\"container\" data-e-type=\"container\">\n\t\t\t\t\t<div class=\"e-con-inner\">\n\t\t<div class=\"elementor-element elementor-element-04cbcdd e-con-full e-flex e-con e-child\" data-id=\"04cbcdd\" data-element_type=\"container\" data-e-type=\"container\">\n\t\t\t\t<div class=\"elementor-element elementor-element-748107f elementor-widget elementor-widget-heading\" data-id=\"748107f\" data-element_type=\"widget\" data-e-type=\"widget\" data-widget_type=\"heading.default\">\n\t\t\t\t\t<span class=\"elementor-heading-title elementor-size-default\">Schnell, rund um die Uhr, f\u00fcr sie vor ort<\/span>\t\t\t\t<\/div>\n\t\t\t\t<div class=\"elementor-element elementor-element-87ac2ec elementor-widget elementor-widget-heading\" data-id=\"87ac2ec\" data-element_type=\"widget\" data-e-type=\"widget\" data-widget_type=\"heading.default\">\n\t\t\t\t\t<h2 class=\"elementor-heading-title elementor-size-default\">Maximale Flexibilit\u00e4t in<br>der IT-Wartung und Support<\/h2>\t\t\t\t<\/div>\n\t\t\t\t<div class=\"elementor-element elementor-element-9a132f1 elementor-widget elementor-widget-text-editor\" data-id=\"9a132f1\" data-element_type=\"widget\" data-e-type=\"widget\" data-widget_type=\"text-editor.default\">\n\t\t\t\t\t\t\t\t\t<p data-start=\"489\" data-end=\"811\">Ob Server, Storage oder Netzwerktechnik: Mit Third-Party Maintenance erhalten Sie eine wirtschaftlich attraktive Alternative zur klassischen Herstellerwartung. TPM erm\u00f6glicht den Support Ihrer Hardware auch \u00fcber das offizielle Produktlebensende hinaus \u2013 schnell, flexibel und individuell auf Ihre Anforderungen abgestimmt.<\/p>\t\t\t\t\t\t\t\t<\/div>\n\t\t\t\t<\/div>\n\t\t<div class=\"elementor-element elementor-element-e315739 e-con-full e-flex e-con e-child\" data-id=\"e315739\" data-element_type=\"container\" data-e-type=\"container\">\n\t\t<div class=\"elementor-element elementor-element-79ff7cb e-con-full e-flex e-con e-child\" data-id=\"79ff7cb\" data-element_type=\"container\" data-e-type=\"container\">\n\t\t<div class=\"elementor-element elementor-element-9ece44b e-con-full e-flex e-con e-child\" data-id=\"9ece44b\" data-element_type=\"container\" data-e-type=\"container\">\n\t\t\t\t<div class=\"elementor-element elementor-element-2aedabb elementor-position-top elementor-widget elementor-widget-image-box\" data-id=\"2aedabb\" data-element_type=\"widget\" data-e-type=\"widget\" data-widget_type=\"image-box.default\">\n\t\t\t\t\t<div class=\"elementor-image-box-wrapper\"><figure class=\"elementor-image-box-img\"><img fetchpriority=\"high\" decoding=\"async\" width=\"831\" height=\"630\" src=\"https:\/\/itexperte24.de\/wp-content\/uploads\/2024\/12\/402806058_e406312a-e8da-49d2-848e-42bcdeca0acf-1.webp\" class=\"attachment-full size-full wp-image-868\" alt=\"Netzwerk Service \u2013 Ihre IT-Infrastruktur in besten H\u00e4nden\" srcset=\"https:\/\/itexperte24.de\/wp-content\/uploads\/2024\/12\/402806058_e406312a-e8da-49d2-848e-42bcdeca0acf-1.webp 831w, https:\/\/itexperte24.de\/wp-content\/uploads\/2024\/12\/402806058_e406312a-e8da-49d2-848e-42bcdeca0acf-1-300x227.webp 300w, https:\/\/itexperte24.de\/wp-content\/uploads\/2024\/12\/402806058_e406312a-e8da-49d2-848e-42bcdeca0acf-1-768x582.webp 768w\" sizes=\"(max-width: 831px) 100vw, 831px\" \/><\/figure><div class=\"elementor-image-box-content\"><h3 class=\"elementor-image-box-title\">Zentraler Ansprechpartner f\u00fcr Ihre Systeme<\/h3><p class=\"elementor-image-box-description\">Mit unserem herstellerunabh\u00e4ngigen Multivendor-Support b\u00fcndeln Sie Ihre komplette IT-Wartung bei einem Partner. Das reduziert Komplexit\u00e4t und schafft Transparenz.<\/p><\/div><\/div>\t\t\t\t<\/div>\n\t\t\t\t<\/div>\n\t\t<div class=\"elementor-element elementor-element-37dd323 e-con-full e-flex e-con e-child\" data-id=\"37dd323\" data-element_type=\"container\" data-e-type=\"container\">\n\t\t\t\t<div class=\"elementor-element elementor-element-c3d2e8d elementor-position-top elementor-widget elementor-widget-image-box\" data-id=\"c3d2e8d\" data-element_type=\"widget\" data-e-type=\"widget\" data-widget_type=\"image-box.default\">\n\t\t\t\t\t<div class=\"elementor-image-box-wrapper\"><figure class=\"elementor-image-box-img\"><img decoding=\"async\" width=\"510\" height=\"510\" src=\"https:\/\/itexperte24.de\/wp-content\/uploads\/2024\/12\/online-course_14245521.svg\" class=\"attachment-full size-full wp-image-174\" alt=\"IT-Systemhaus mit umfassendem IT-Support f\u00fcr schnelle Probleml\u00f6sungen.\" \/><\/figure><div class=\"elementor-image-box-content\"><h3 class=\"elementor-image-box-title\">Bis zu 70 % reduzierte Wartungskosten<\/h3><p class=\"elementor-image-box-description\">Sparen Sie deutlich im Vergleich zu OEM-Vertr\u00e4gen \u2013 ohne Abstriche bei der Qualit\u00e4t. Unser TPM-Service bietet eine wirtschaftlich \u00fcberzeugende Alternative mit umfassendem Leistungsumfang.<\/p><\/div><\/div>\t\t\t\t<\/div>\n\t\t\t\t<\/div>\n\t\t<div class=\"elementor-element elementor-element-7e9d135 e-con-full e-flex e-con e-child\" data-id=\"7e9d135\" data-element_type=\"container\" data-e-type=\"container\">\n\t\t\t\t<div class=\"elementor-element elementor-element-a25365e elementor-position-top elementor-widget elementor-widget-image-box\" data-id=\"a25365e\" data-element_type=\"widget\" data-e-type=\"widget\" data-widget_type=\"image-box.default\">\n\t\t\t\t\t<div class=\"elementor-image-box-wrapper\"><figure class=\"elementor-image-box-img\"><img decoding=\"async\" width=\"64\" height=\"64\" src=\"https:\/\/itexperte24.de\/wp-content\/uploads\/2025\/07\/traning_18831113.svg\" class=\"attachment-full size-full wp-image-4630\" alt=\"IT Sicherheit Bonn f\u00fcr kleine Firmen\" \/><\/figure><div class=\"elementor-image-box-content\"><h3 class=\"elementor-image-box-title\">Zertifizierte Technik-Teams mit umfassendem Know-how<\/h3><p class=\"elementor-image-box-description\">Unsere erfahrenen Spezialisten sind f\u00fcr alle g\u00e4ngigen Hersteller zertifiziert. Sie profitieren von schneller Analyse und effizienter Probleml\u00f6sung auf Enterprise-Niveau.<\/p><\/div><\/div>\t\t\t\t<\/div>\n\t\t\t\t<\/div>\n\t\t<div class=\"elementor-element elementor-element-c145f10 e-con-full e-flex e-con e-child\" data-id=\"c145f10\" data-element_type=\"container\" data-e-type=\"container\">\n\t\t\t\t<div class=\"elementor-element elementor-element-e8af0ce elementor-position-top elementor-widget elementor-widget-image-box\" data-id=\"e8af0ce\" data-element_type=\"widget\" data-e-type=\"widget\" data-widget_type=\"image-box.default\">\n\t\t\t\t\t<div class=\"elementor-image-box-wrapper\"><figure class=\"elementor-image-box-img\"><img loading=\"lazy\" decoding=\"async\" width=\"62\" height=\"62\" src=\"https:\/\/itexperte24.de\/wp-content\/uploads\/2025\/07\/02-3.png\" class=\"attachment-full size-full wp-image-4794\" alt=\"\" \/><\/figure><div class=\"elementor-image-box-content\"><h3 class=\"elementor-image-box-title\">Flexibel gestaltbare SLA-Modelle<\/h3><p class=\"elementor-image-box-description\">Ob Reaktionszeit, Verf\u00fcgbarkeit oder Support-Level \u2013 wir passen unsere Servicevereinbarungen pr\u00e4zise an Ihre gesch\u00e4ftskritischen Anforderungen an.<\/p><\/div><\/div>\t\t\t\t<\/div>\n\t\t\t\t<\/div>\n\t\t<div class=\"elementor-element elementor-element-2101803 e-con-full e-flex e-con e-child\" data-id=\"2101803\" data-element_type=\"container\" data-e-type=\"container\">\n\t\t\t\t<div class=\"elementor-element elementor-element-3eb5397 elementor-position-top elementor-widget elementor-widget-image-box\" data-id=\"3eb5397\" data-element_type=\"widget\" data-e-type=\"widget\" data-widget_type=\"image-box.default\">\n\t\t\t\t\t<div class=\"elementor-image-box-wrapper\"><figure class=\"elementor-image-box-img\"><img loading=\"lazy\" decoding=\"async\" width=\"468\" height=\"468\" src=\"https:\/\/itexperte24.de\/wp-content\/uploads\/2025\/07\/security_15251478.svg\" class=\"attachment-full size-full wp-image-4628\" alt=\"IT Sicherheit Bonn Rundum-Schutz\" \/><\/figure><div class=\"elementor-image-box-content\"><h3 class=\"elementor-image-box-title\">Konsolidierte Wartungsvertr\u00e4ge f\u00fcr mehr Transparenz<\/h3><p class=\"elementor-image-box-description\">Statt zahlreicher Einzelvertr\u00e4ge erhalten Sie ein zentrales Vertragswerk f\u00fcr Ihre gesamte IT-Infrastruktur \u2013 \u00fcbersichtlich, flexibel und effizient verwaltbar.<\/p><\/div><\/div>\t\t\t\t<\/div>\n\t\t\t\t<\/div>\n\t\t<div class=\"elementor-element elementor-element-062ec12 e-con-full e-flex e-con e-child\" data-id=\"062ec12\" data-element_type=\"container\" data-e-type=\"container\">\n\t\t\t\t<div class=\"elementor-element elementor-element-9b17367 elementor-position-top elementor-widget elementor-widget-image-box\" data-id=\"9b17367\" data-element_type=\"widget\" data-e-type=\"widget\" data-widget_type=\"image-box.default\">\n\t\t\t\t\t<div class=\"elementor-image-box-wrapper\"><figure class=\"elementor-image-box-img\"><img loading=\"lazy\" decoding=\"async\" width=\"2000\" height=\"1454\" src=\"https:\/\/itexperte24.de\/wp-content\/uploads\/2025\/09\/looking-internet-trouble-solutions-concept-flat-illustration.png\" class=\"attachment-full size-full wp-image-6004\" alt=\"WLAN auf Laptop funktioniert nicht bei Windows 11\" srcset=\"https:\/\/itexperte24.de\/wp-content\/uploads\/2025\/09\/looking-internet-trouble-solutions-concept-flat-illustration.png 2000w, https:\/\/itexperte24.de\/wp-content\/uploads\/2025\/09\/looking-internet-trouble-solutions-concept-flat-illustration-300x218.png 300w, https:\/\/itexperte24.de\/wp-content\/uploads\/2025\/09\/looking-internet-trouble-solutions-concept-flat-illustration-1024x744.png 1024w, https:\/\/itexperte24.de\/wp-content\/uploads\/2025\/09\/looking-internet-trouble-solutions-concept-flat-illustration-768x558.png 768w, https:\/\/itexperte24.de\/wp-content\/uploads\/2025\/09\/looking-internet-trouble-solutions-concept-flat-illustration-1536x1117.png 1536w\" sizes=\"(max-width: 2000px) 100vw, 2000px\" \/><\/figure><div class=\"elementor-image-box-content\"><h3 class=\"elementor-image-box-title\">Weniger Aufwand durch digitale Verwaltung im Kundencenter<\/h3><p class=\"elementor-image-box-description\">Behalten Sie jederzeit den \u00dcberblick \u00fcber Assets, Vertr\u00e4ge und Supportanfragen \u2013 zentral geb\u00fcndelt im intuitiven Kundencenter mit pers\u00f6nlichem Ansprechpartner.<\/p><\/div><\/div>\t\t\t\t<\/div>\n\t\t\t\t<\/div>\n\t\t\t\t<\/div>\n\t\t\t\t<\/div>\n\t\t\t\t\t<\/div>\n\t\t\t\t<\/div>\n\t\t\t\t<\/div>","protected":false},"excerpt":{"rendered":"<p>Effizient, nachhaltig und kostensparend IT-Wartung und Support Unsere herstellerunabh\u00e4ngige IT-Wartung und IT-Support verl\u00e4ngern die Lebensdauer Ihrer Infrastruktur, senken Kosten und sichern die Systemverf\u00fcgbarkeit \u2013 auch nach Ablauf der Herstellergarantie. schreiben Sie uns eine Email Sofort Kontakt aufnehmen Zuverl\u00e4ssige IT-Systeme bilden die Basis jedes Unternehmens. F\u00e4llt eine Komponente aus oder arbeitet nicht stabil, geraten h\u00e4ufig ganze [&hellip;]<\/p>\n","protected":false},"author":2,"featured_media":0,"parent":0,"menu_order":0,"comment_status":"closed","ping_status":"closed","template":"elementor_header_footer","meta":{"footnotes":""},"class_list":["post-488","page","type-page","status-publish","hentry"],"_links":{"self":[{"href":"https:\/\/itexperte24.de\/en\/wp-json\/wp\/v2\/pages\/488","targetHints":{"allow":["GET"]}}],"collection":[{"href":"https:\/\/itexperte24.de\/en\/wp-json\/wp\/v2\/pages"}],"about":[{"href":"https:\/\/itexperte24.de\/en\/wp-json\/wp\/v2\/types\/page"}],"author":[{"embeddable":true,"href":"https:\/\/itexperte24.de\/en\/wp-json\/wp\/v2\/users\/2"}],"replies":[{"embeddable":true,"href":"https:\/\/itexperte24.de\/en\/wp-json\/wp\/v2\/comments?post=488"}],"version-history":[{"count":0,"href":"https:\/\/itexperte24.de\/en\/wp-json\/wp\/v2\/pages\/488\/revisions"}],"wp:attachment":[{"href":"https:\/\/itexperte24.de\/en\/wp-json\/wp\/v2\/media?parent=488"}],"curies":[{"name":"wp","href":"https:\/\/api.w.org\/{rel}","templated":true}]}}