{"id":2409,"date":"2025-04-08T20:28:33","date_gmt":"2025-04-08T20:28:33","guid":{"rendered":"https:\/\/itexperte24.de\/?page_id=2409"},"modified":"2025-06-17T22:54:07","modified_gmt":"2025-06-17T22:54:07","slug":"kontakt","status":"publish","type":"page","link":"https:\/\/itexperte24.de\/en\/kontakt\/","title":{"rendered":"Contact"},"content":{"rendered":"\t\t<div data-elementor-type=\"wp-page\" data-elementor-id=\"2409\" class=\"elementor elementor-2409\" data-elementor-post-type=\"page\">\n\t\t\t\t<div class=\"elementor-element elementor-element-5424374 e-flex e-con-boxed e-con e-parent\" data-id=\"5424374\" data-element_type=\"container\" data-e-type=\"container\">\n\t\t\t\t\t<div class=\"e-con-inner\">\n\t\t\t\t<div class=\"elementor-element elementor-element-4f49413 elementor-widget elementor-widget-spacer\" data-id=\"4f49413\" data-element_type=\"widget\" data-e-type=\"widget\" data-widget_type=\"spacer.default\">\n\t\t\t\t\t\t\t<div class=\"elementor-spacer\">\n\t\t\t<div class=\"elementor-spacer-inner\"><\/div>\n\t\t<\/div>\n\t\t\t\t\t\t<\/div>\n\t\t\t\t<div class=\"elementor-element elementor-element-dddadc8 elementor-widget elementor-widget-heading\" data-id=\"dddadc8\" data-element_type=\"widget\" data-e-type=\"widget\" data-widget_type=\"heading.default\">\n\t\t\t\t\t<h1 class=\"elementor-heading-title elementor-size-default\">Kontaktieren Sie uns \u2013 Ihr IT-Service-Partner in K\u00f6ln<\/h1>\t\t\t\t<\/div>\n\t\t\t\t<div class=\"elementor-element elementor-element-84e73c9 elementor-widget elementor-widget-text-editor\" data-id=\"84e73c9\" data-element_type=\"widget\" data-e-type=\"widget\" data-widget_type=\"text-editor.default\">\n\t\t\t\t\t\t\t\t\t<p>Sie brauchen schnelle Hilfe oder m\u00f6chten sich zu unseren IT-Dienstleistungen beraten lassen?<br data-start=\"1048\" data-end=\"1051\" \/>Ob IT-Support, Netzwerkwartung oder Sicherheitsl\u00f6sungen \u2013 bei ITTECHNO erhalten Sie kompetente Unterst\u00fctzung aus einer Hand.<br data-start=\"1175\" data-end=\"1178\" \/>Kontaktieren Sie uns telefonisch, per E-Mail oder bequem \u00fcber unser Kontaktformular.<br data-start=\"1262\" data-end=\"1265\" \/>Wir freuen uns auf Ihre Anfrage!<\/p><p><strong data-start=\"1142\" data-end=\"1157\">\ud83d\udcde Telefon:<\/strong> 015735614721<br data-start=\"1170\" data-end=\"1173\" \/><strong data-start=\"1173\" data-end=\"1187\">\ud83d\udce7 E-Mail:<\/strong> <a href=\"mailto:service@ittechno.de\" rel=\"nofollow\">service@ittechno.de<\/a><br data-start=\"1207\" data-end=\"1210\" \/><strong data-start=\"1210\" data-end=\"1225\">\ud83d\udccd Adresse:<\/strong> Adenauerallee 31 53332\u00a0 Bornheim<br data-start=\"1254\" data-end=\"1257\" \/><strong data-start=\"1257\" data-end=\"1278\">\u23f0 \u00d6ffnungszeiten:<\/strong> Montag \u2013 Freitag, 08:00 \u2013 18:00 Uhr<\/p>\t\t\t\t\t\t\t\t<\/div>\n\t\t\t\t<div class=\"elementor-element elementor-element-0d779e1 elementor-button-align-stretch elementor-widget elementor-widget-form\" data-id=\"0d779e1\" data-element_type=\"widget\" data-e-type=\"widget\" data-settings=\"{&quot;step_next_label&quot;:&quot;Next&quot;,&quot;button_width&quot;:&quot;100&quot;,&quot;step_type&quot;:&quot;number_text&quot;,&quot;step_icon_shape&quot;:&quot;circle&quot;}\" data-widget_type=\"form.default\">\n\t\t\t\t\t\t\t<form class=\"elementor-form\" method=\"post\" name=\"Kontakt\" aria-label=\"Kontakt\">\n\t\t\t<input type=\"hidden\" name=\"post_id\" value=\"2409\"\/>\n\t\t\t<input type=\"hidden\" name=\"form_id\" value=\"0d779e1\"\/>\n\t\t\t<input type=\"hidden\" name=\"referer_title\" value=\"Kontakt | ITEXPERTE24\" \/>\n\n\t\t\t\t\t\t\t<input type=\"hidden\" name=\"queried_id\" value=\"2409\"\/>\n\t\t\t\n\t\t\t<div class=\"elementor-form-fields-wrapper elementor-labels-above\">\n\t\t\t\t\t\t\t\t<div class=\"elementor-field-type-text elementor-field-group elementor-column elementor-field-group-name elementor-col-100 elementor-field-required\">\n\t\t\t\t\t\t\t\t\t\t\t\t<label for=\"form-field-name\" class=\"elementor-field-label\">\n\t\t\t\t\t\t\t\tVorname\t\t\t\t\t\t\t<\/label>\n\t\t\t\t\t\t\t\t\t\t\t\t\t\t<input size=\"1\" type=\"text\" name=\"form_fields[name]\" id=\"form-field-name\" class=\"elementor-field elementor-size-sm  elementor-field-textual\" placeholder=\"Name\" required=\"required\">\n\t\t\t\t\t\t\t\t\t\t\t<\/div>\n\t\t\t\t\t\t\t\t<div class=\"elementor-field-type-html elementor-field-group elementor-column elementor-field-group-field_c85683e elementor-col-100\">\n\t\t\t\t\t<?php\n\/\/ Serverseitige Validierung f\u00fcr das Honeypot-Feld\nif (isset($_POST['honeypot']) && !empty($_POST['honeypot'])) {\n    \/\/ Wenn das Honeypot-Feld ausgef\u00fcllt wurde, handelt es sich vermutlich um einen Bot\n    die(\"Spam erkannt. Anfrage abgelehnt.\");\n}\n\n\/\/ Weitere Formularverarbeitung\n$name = $_POST['name'];\n$email = $_POST['email'];\n$nachricht = $_POST['nachricht'];\n\n\/\/ E-Mail oder Datenbank-Speicherung\n\/\/ ... (deine Formularverarbeitung hier)\n\necho \"Formular erfolgreich abgesendet!\";\n?>\n\t\t\t\t<\/div>\n\t\t\t\t\t\t\t\t<div class=\"elementor-field-type-html elementor-field-group elementor-column elementor-field-group-field_03440b2 elementor-col-100\">\n\t\t\t\t\t<!-- Name -->\n<label for=\"name\">Ihr Name:<span class=\"required-star\">\u2731<\/span><\/label>\n<input type=\"text\" id=\"name\" name=\"name\" required placeholder=\"z.\u202fB. Max Mustermann\">\n\n<!-- E-Mail -->\n<label for=\"email\">Ihre E-Mail-Adresse:<span class=\"required-star\">\u2731<\/span><\/label>\n<input type=\"email\" id=\"email\" name=\"email\" required placeholder=\"z.\u202fB. max.mustermann@email.de\">\n\t\t\t\t<\/div>\n\t\t\t\t\t\t\t\t<div class=\"elementor-field-type-html elementor-field-group elementor-column elementor-field-group-field_18a1ff2 elementor-col-100\">\n\t\t\t\t\t\n\n<!DOCTYPE html>\n<html lang=\"de\">\n<head>\n  <meta charset=\"UTF-8\">\n  <title>Kontaktformular<\/title>\n  <style>\n    .hidden { display: none; }\n    label { display: block; margin-top: 10px; }\n    .required-star { color: red; }\n  <\/style>\n<\/head>\n<body>\n\n<form id=\"kontaktformular\">\n  <label for=\"anliegen\">W\u00e4hlen ein Thema aus<span class=\"required-star\">\u2731<\/span><\/label>\n  <select id=\"anliegen\" name=\"anliegen\" required onchange=\"zeigeBereich()\">\n    <option value=\"\">Bitte w\u00e4hlen<\/option>\n    <option value=\"support\">Support<\/option>\n    <option value=\"job\">Job<\/option>\n    <option value=\"praktikum\">Praktikum<\/option>\n  <\/select>\n\n  <!-- Support -->\n  <div id=\"support_felder\" class=\"hidden\">\n    <label for=\"support_beschreibung\">Bitte beschreiben Sie Ihr Problem:<span class=\"required-star\">\u2731<\/span><\/label>\n    <textarea id=\"support_beschreibung\" name=\"support_beschreibung\" rows=\"4\" required><\/textarea>\n  <\/div>\n\n  <!-- Job -->\n  <div id=\"job_felder\" class=\"hidden\">\n    <label for=\"job_position\">Welche Position interessiert Sie?<span class=\"required-star\">\u2731<\/span><\/label>\n    <select id=\"job_position\" name=\"job_position\" required>\n      <option value=\"\">Bitte w\u00e4hlen<\/option>\n      <option value=\"entwickler\">Entwickler<\/option>\n      <option value=\"support\">Support-Spezialist<\/option>\n      <option value=\"projektmanager\">Projektmanager<\/option>\n      <option value=\"it_admin\">IT-Administrator<\/option>\n      <option value=\"marketing\">Marketing<\/option>\n    <\/select>\n    <div id=\"job_common_questions\"><\/div>\n  <\/div>\n\n  <!-- Praktikum -->\n  <div id=\"praktikum_felder\" class=\"hidden\">\n    <label for=\"praktikum_dauer\">Wie lange soll das Praktikum dauern?<span class=\"required-star\">\u2731<\/span><\/label>\n    <input type=\"text\" id=\"praktikum_dauer\" name=\"praktikum_dauer\" required>\n\n    <label for=\"praktikum_zeitraum\">Gew\u00fcnschter Zeitraum:<span class=\"required-star\">\u2731<\/span><\/label>\n    <input type=\"text\" id=\"praktikum_zeitraum\" name=\"praktikum_zeitraum\" required>\n\n    <label for=\"praktikum_ziel\">Was m\u00f6chten Sie im Praktikum lernen oder erreichen?<\/label>\n    <textarea id=\"praktikum_ziel\" name=\"praktikum_ziel\" rows=\"3\"><\/textarea>\n\n    <label for=\"praktikum_klasse\">In welcher Klasse sind Sie?<span class=\"required-star\">\u2731<\/span><\/label>\n    <input type=\"text\" id=\"praktikum_klasse\" name=\"praktikum_klasse\" required>\n\n    <label>Sind Sie minderj\u00e4hrig oder vollj\u00e4hrig?<span class=\"required-star\">\u2731<\/span><\/label>\n    <select name=\"praktikum_alter\" required>\n      <option value=\"\">Bitte w\u00e4hlen<\/option>\n      <option value=\"minderjaehrig\">Minderj\u00e4hrig<\/option>\n      <option value=\"volljaehrig\">Vollj\u00e4hrig<\/option>\n    <\/select>\n\n    <label>M\u00f6chten Sie sp\u00e4ter eine Ausbildung bei uns machen?<span class=\"required-star\">\u2731<\/span><\/label>\n    <label><input type=\"radio\" name=\"praktikum_ausbildung\" value=\"ja\"> Ja<\/label>\n    <label><input type=\"radio\" name=\"praktikum_ausbildung\" value=\"nein\"> Nein<\/label>\n\n    <label>Haben Sie schon mal Linux-Betriebssysteme gesehen?<\/label>\n    <label><input type=\"radio\" name=\"praktikum_linux\" value=\"ja\"> Ja<\/label>\n    <label><input type=\"radio\" name=\"praktikum_linux\" value=\"nein\"> Nein<\/label>\n\n    <label>Haben Sie Erfahrung mit Windows 10 und 11?<\/label>\n    <label><input type=\"radio\" name=\"praktikum_windows\" value=\"ja\"> Ja<\/label>\n    <label><input type=\"radio\" name=\"praktikum_windows\" value=\"nein\"> Nein<\/label>\n\n    <div id=\"praktikum_common_questions\"><\/div>\n  <\/div>\n\n  <!-- Herkunft -->\n  <div id=\"quelle_feld\" class=\"hidden\">\n    <label for=\"quelle\">Woher haben Sie uns gefunden?<span class=\"required-star\">\u2731<\/span><\/label>\n    <select id=\"quelle\" name=\"quelle\" required>\n      <option value=\"\">Bitte w\u00e4hlen<\/option>\n      <option value=\"google\">Google-Suche<\/option>\n      <option value=\"ebay\">eBay<\/option>\n      <option value=\"bekannte\">Bekannte<\/option>\n      <option value=\"sonstige\">Sonstige<\/option>\n    <\/select>\n  <\/div>\n\n \n<\/form>\n\n<script>\nfunction zeigeBereich() {\n  const value = document.getElementById(\"anliegen\").value;\n  document.getElementById(\"support_felder\").classList.add(\"hidden\");\n  document.getElementById(\"job_felder\").classList.add(\"hidden\");\n  document.getElementById(\"praktikum_felder\").classList.add(\"hidden\");\n  document.getElementById(\"quelle_feld\").classList.add(\"hidden\");\n\n  if (value === \"support\") {\n    document.getElementById(\"support_felder\").classList.remove(\"hidden\");\n    document.getElementById(\"quelle_feld\").classList.remove(\"hidden\");\n  } else if (value === \"job\") {\n    document.getElementById(\"job_felder\").classList.remove(\"hidden\");\n    document.getElementById(\"quelle_feld\").classList.remove(\"hidden\");\n    erstelleGemeinsameFragen(\"job_common_questions\", \"job\");\n  } else if (value === \"praktikum\") {\n    document.getElementById(\"praktikum_felder\").classList.remove(\"hidden\");\n    document.getElementById(\"quelle_feld\").classList.remove(\"hidden\");\n    erstelleGemeinsameFragen(\"praktikum_common_questions\", \"praktikum\");\n  }\n}\n\nfunction erstelleGemeinsameFragen(containerId, typ) {\n  const container = document.getElementById(containerId);\n  let extra = \"\";\n\n  if (typ === \"job\") {\n    extra = `\n      <label>Haben Sie Erfahrung mit Office 365?<\/label>\n      <label><input type=\"radio\" name=\"${containerId}_o365\" value=\"ja\"> Ja<\/label>\n      <label><input type=\"radio\" name=\"${containerId}_o365\" value=\"nein\"> Nein<\/label>\n\n      <label>Haben Sie Erfahrung im Server-Bereich?<\/label>\n      <label><input type=\"radio\" name=\"${containerId}_server\" value=\"ja\"> Ja<\/label>\n      <label><input type=\"radio\" name=\"${containerId}_server\" value=\"nein\"> Nein<\/label>\n\n      <label>Haben Sie Erfahrung mit Exchange Server?<\/label>\n      <label><input type=\"radio\" name=\"${containerId}_exchange\" value=\"ja\"> Ja<\/label>\n      <label><input type=\"radio\" name=\"${containerId}_exchange\" value=\"nein\"> Nein<\/label>\n\n      <label>Haben Sie schon einmal eine Firewall betreut?<\/label>\n      <label><input type=\"radio\" name=\"${containerId}_firewall\" value=\"ja\"> Ja<\/label>\n      <label><input type=\"radio\" name=\"${containerId}_firewall\" value=\"nein\"> Nein<\/label>\n\n      <label>Sind Sie bereit, auch in andere St\u00e4dte zu fahren (nur Arbeitstage)?<\/label>\n      <label><input type=\"radio\" name=\"${containerId}_reisen\" value=\"ja\"> Ja<\/label>\n      <label><input type=\"radio\" name=\"${containerId}_reisen\" value=\"nein\"> Nein<\/label>\n\n      <label>Wie gehen Sie mit gro\u00dfen Problemen um?<\/label>\n      <textarea rows=\"2\"><\/textarea>\n\n      <label>Wie gut k\u00f6nnen Sie mit Stress umgehen, wenn etwas nicht sofort l\u00f6sbar ist?<\/label>\n      <textarea rows=\"2\"><\/textarea>\n    `;\n  }\n\n  container.innerHTML = `\n    <label>Haben Sie Berufserfahrung?<\/label>\n    <label><input type=\"radio\" name=\"${containerId}_erfahrung\" value=\"ja\" onchange=\"zeigeOptional('${containerId}_feld_berufserfahrung', true)\"> Ja<\/label>\n    <label><input type=\"radio\" name=\"${containerId}_erfahrung\" value=\"nein\" onchange=\"zeigeOptional('${containerId}_feld_berufserfahrung', false)\"> Nein<\/label>\n    <div id=\"${containerId}_feld_berufserfahrung\" class=\"hidden\">\n      <label>Bitte beschreiben Sie Ihre Erfahrung:<\/label>\n      <textarea rows=\"2\"><\/textarea>\n    <\/div>\n\n    <label>Haben Sie eine abgeschlossene Ausbildung?<\/label>\n    <label><input type=\"radio\" name=\"${containerId}_ausbildung\" value=\"ja\" onchange=\"zeigeOptional('${containerId}_feld_ausbildung', true)\"> Ja<\/label>\n    <label><input type=\"radio\" name=\"${containerId}_ausbildung\" value=\"nein\" onchange=\"zeigeOptional('${containerId}_feld_ausbildung', false)\"> Nein<\/label>\n    <div id=\"${containerId}_feld_ausbildung\" class=\"hidden\">\n      <label>Welche Ausbildung?<\/label>\n      <input type=\"text\">\n    <\/div>\n\n    <label>Haben Sie Weiterbildungen gemacht?<\/label>\n    <label><input type=\"radio\" name=\"${containerId}_weiterbildung\" value=\"ja\" onchange=\"zeigeOptional('${containerId}_feld_weiterbildung', true)\"> Ja<\/label>\n    <label><input type=\"radio\" name=\"${containerId}_weiterbildung\" value=\"nein\" onchange=\"zeigeOptional('${containerId}_feld_weiterbildung', false)\"> Nein<\/label>\n    <div id=\"${containerId}_feld_weiterbildung\" class=\"hidden\">\n      <label>Welche Weiterbildungen?<\/label>\n      <textarea rows=\"2\"><\/textarea>\n    <\/div>\n\n    <label>Interesse an Teilzeit?<\/label>\n    <label><input type=\"radio\" name=\"${containerId}_teilzeit\" value=\"ja\" onchange=\"zeigeOptional('${containerId}_feld_teilzeit', true)\"> Ja<\/label>\n    <label><input type=\"radio\" name=\"${containerId}_teilzeit\" value=\"nein\" onchange=\"zeigeOptional('${containerId}_feld_teilzeit', false)\"> Nein<\/label>\n    <div id=\"${containerId}_feld_teilzeit\" class=\"hidden\">\n      <label>Welche Zeiten bevorzugen Sie?<\/label>\n      <input type=\"text\">\n    <\/div>\n\n    <label>Wann k\u00f6nnten Sie anfangen?<\/label>\n    <input type=\"text\">\n\n    <label>M\u00f6chten Sie uns noch etwas mitteilen?<\/label>\n    <textarea rows=\"3\"><\/textarea>\n\n    ${extra}\n  `;\n}\n\nfunction zeigeOptional(feldId, anzeigen) {\n  const feld = document.getElementById(feldId);\n  if (!feld) return;\n  if (anzeigen) {\n    feld.classList.remove(\"hidden\");\n  } else {\n    feld.classList.add(\"hidden\");\n    feld.querySelectorAll(\"input, textarea\").forEach(el => el.value = '');\n  }\n}\n<\/script>\n\n<\/body>\n<\/html>\n\t\t\t\t<\/div>\n\t\t\t\t\t\t\t\t<div class=\"elementor-field-type-html elementor-field-group elementor-column elementor-field-group-field_ccffebd elementor-col-100\">\n\t\t\t\t\t<label for=\"dateien\">PDF-Dateien hochladen (max. 4 Dateien): <span class=\"required-star\"><\/span><\/label>\n<input type=\"file\" id=\"dateien\" name=\"dateien[]\" accept=\".pdf\" multiple required>\n\t\t\t\t<\/div>\n\t\t\t\t\t\t\t\t<div class=\"elementor-field-type-textarea elementor-field-group elementor-column elementor-field-group-message elementor-col-100 elementor-field-required\">\n\t\t\t\t\t\t\t\t\t\t\t\t<label for=\"form-field-message\" class=\"elementor-field-label\">\n\t\t\t\t\t\t\t\tSchreiben Sie uns eine Nachricht*\t\t\t\t\t\t\t<\/label>\n\t\t\t\t\t\t<textarea class=\"elementor-field-textual elementor-field  elementor-size-sm\" name=\"form_fields[message]\" id=\"form-field-message\" rows=\"6\" placeholder=\"z.\u202fB. Support-Anfrage, Bewerbung f\u00fcr Praktikum, Jobangebot\" required=\"required\"><\/textarea>\t\t\t\t<\/div>\n\t\t\t\t\t\t\t\t<div class=\"elementor-field-type-html elementor-field-group elementor-column elementor-field-group-field_4da6b1b elementor-col-100\">\n\t\t\t\t\t<?php\n\/\/ Serverseitige Validierung f\u00fcr das Honeypot-Feld\nif (isset($_POST['honeypot']) && !empty($_POST['honeypot'])) {\n    \/\/ Wenn das Honeypot-Feld ausgef\u00fcllt wurde, handelt es sich vermutlich um einen Bot\n    die(\"Spam erkannt. Anfrage abgelehnt.\");\n}\n\n\/\/ Weitere Formularverarbeitung\n$name = $_POST['name'];\n$email = $_POST['email'];\n$nachricht = $_POST['nachricht'];\n\n\/\/ E-Mail oder Datenbank-Speicherung\n\/\/ ... (deine Formularverarbeitung hier)\n\necho \"Formular erfolgreich abgesendet!\";\n?>\n\t\t\t\t<\/div>\n\t\t\t\t\t\t\t\t<div class=\"elementor-field-type-html elementor-field-group elementor-column elementor-field-group-field_1e9ab49 elementor-col-100\">\n\t\t\t\t\t<!DOCTYPE html>\n<html lang=\"de\">\n<head>\n  <meta charset=\"UTF-8\">\n  <title>Datenschutzerkl\u00e4rung<\/title>\n  <style>\n    .hidden { display: none; }\n    label { display: block; margin: 10px 0 5px; }\n    .required-star {\n      color: red;\n      margin-left: 3px;\n    }\n  <\/style>\n<\/head>\n<body>\n\n  <form>\n    <!-- Datenschutzerkl\u00e4rung -->\n    <label for=\"datenschutz\">\n      <input type=\"checkbox\" id=\"datenschutz\" name=\"datenschutz\" required>\n      Ich stimme der Datenschutzerkl\u00e4rung zu. <span class=\"required-star\">\u2731<\/span>\n    <\/label>\n    <div id=\"datenschutzDetails\" class=\"hidden\">\n      <p>Die Angaben aus dem Kontaktformular werden erhoben und verarbeitet. Sie k\u00f6nnen jederzeit Ihre Zustimmung widerrufen.\n\t\t\t\t<\/div>\n\t\t\t\t\t\t\t\t<div class=\"elementor-field-group elementor-column elementor-field-type-submit elementor-col-100 e-form__buttons\">\n\t\t\t\t\t<button class=\"elementor-button elementor-size-sm\" type=\"submit\">\n\t\t\t\t\t\t<span class=\"elementor-button-content-wrapper\">\n\t\t\t\t\t\t\t\t\t\t\t\t\t\t\t\t\t\t\t\t\t\t<span class=\"elementor-button-text\">Send<\/span>\n\t\t\t\t\t\t\t\t\t\t\t\t\t<\/span>\n\t\t\t\t\t<\/button>\n\t\t\t\t<\/div>\n\t\t\t<\/div>\n\t\t<\/form>\n\t\t\t\t\t\t<\/div>\n\t\t\t\t\t<\/div>\n\t\t\t\t<\/div>\n\t\t\t\t<\/div>\n\t\t","protected":false},"excerpt":{"rendered":"<p>Kontaktieren Sie uns \u2013 Ihr IT-Service-Partner in K\u00f6ln Sie brauchen schnelle Hilfe oder m\u00f6chten sich zu unseren IT-Dienstleistungen beraten lassen?Ob IT-Support, Netzwerkwartung oder Sicherheitsl\u00f6sungen \u2013 bei ITTECHNO erhalten Sie kompetente Unterst\u00fctzung aus einer Hand.Kontaktieren Sie uns telefonisch, per E-Mail oder bequem \u00fcber unser Kontaktformular.Wir freuen uns auf Ihre Anfrage! \ud83d\udcde Telefon: 015735614721\ud83d\udce7 E-Mail: service@ittechno.de\ud83d\udccd Adresse: [&hellip;]<\/p>\n","protected":false},"author":2,"featured_media":0,"parent":0,"menu_order":0,"comment_status":"closed","ping_status":"closed","template":"","meta":{"footnotes":""},"class_list":["post-2409","page","type-page","status-publish","hentry"],"_links":{"self":[{"href":"https:\/\/itexperte24.de\/en\/wp-json\/wp\/v2\/pages\/2409","targetHints":{"allow":["GET"]}}],"collection":[{"href":"https:\/\/itexperte24.de\/en\/wp-json\/wp\/v2\/pages"}],"about":[{"href":"https:\/\/itexperte24.de\/en\/wp-json\/wp\/v2\/types\/page"}],"author":[{"embeddable":true,"href":"https:\/\/itexperte24.de\/en\/wp-json\/wp\/v2\/users\/2"}],"replies":[{"embeddable":true,"href":"https:\/\/itexperte24.de\/en\/wp-json\/wp\/v2\/comments?post=2409"}],"version-history":[{"count":0,"href":"https:\/\/itexperte24.de\/en\/wp-json\/wp\/v2\/pages\/2409\/revisions"}],"wp:attachment":[{"href":"https:\/\/itexperte24.de\/en\/wp-json\/wp\/v2\/media?parent=2409"}],"curies":[{"name":"wp","href":"https:\/\/api.w.org\/{rel}","templated":true}]}}