{"id":2345,"date":"2025-03-18T20:05:31","date_gmt":"2025-03-18T20:05:31","guid":{"rendered":"https:\/\/itexperte24.de\/?page_id=2345"},"modified":"2025-03-18T20:43:17","modified_gmt":"2025-03-18T20:43:17","slug":"senior-netzwerkadministrator","status":"publish","type":"page","link":"https:\/\/itexperte24.de\/en\/senior-netzwerkadministrator\/","title":{"rendered":"Senior Network Administrator"},"content":{"rendered":"\t\t<div data-elementor-type=\"wp-page\" data-elementor-id=\"2345\" class=\"elementor elementor-2345\" data-elementor-post-type=\"page\">\n\t\t\t\t<div class=\"elementor-element elementor-element-9aaa918 e-flex e-con-boxed e-con e-parent\" data-id=\"9aaa918\" data-element_type=\"container\" data-e-type=\"container\">\n\t\t\t\t\t<div class=\"e-con-inner\">\n\t\t\t\t<div class=\"elementor-element elementor-element-def3f73 elementor-widget elementor-widget-heading\" data-id=\"def3f73\" data-element_type=\"widget\" data-e-type=\"widget\" data-widget_type=\"heading.default\">\n\t\t\t\t\t<h1 class=\"elementor-heading-title elementor-size-default\">Senior Netzwerkadministrator (m\/w\/d)<\/h1>\t\t\t\t<\/div>\n\t\t\t\t<div class=\"elementor-element elementor-element-883f1f1 elementor-widget elementor-widget-image\" data-id=\"883f1f1\" data-element_type=\"widget\" data-e-type=\"widget\" data-widget_type=\"image.default\">\n\t\t\t\t\t\t\t\t\t\t\t\t\t\t\t<img fetchpriority=\"high\" decoding=\"async\" width=\"800\" height=\"547\" src=\"https:\/\/itexperte24.de\/wp-content\/uploads\/2025\/03\/server-room-engineer-man-working-with-tablet-programming-cybersecurity-cable-maintenance-technician-.webp\" class=\"attachment-large size-large wp-image-2364\" alt=\"Senior Netzwerkadministrator bei ITTECHNO in K\u00f6ln\" srcset=\"https:\/\/itexperte24.de\/wp-content\/uploads\/2025\/03\/server-room-engineer-man-working-with-tablet-programming-cybersecurity-cable-maintenance-technician-.webp 913w, https:\/\/itexperte24.de\/wp-content\/uploads\/2025\/03\/server-room-engineer-man-working-with-tablet-programming-cybersecurity-cable-maintenance-technician--300x205.webp 300w, https:\/\/itexperte24.de\/wp-content\/uploads\/2025\/03\/server-room-engineer-man-working-with-tablet-programming-cybersecurity-cable-maintenance-technician--768x525.webp 768w\" sizes=\"(max-width: 800px) 100vw, 800px\" \/>\t\t\t\t\t\t\t\t\t\t\t\t\t\t\t<\/div>\n\t\t\t\t\t<\/div>\n\t\t\t\t<\/div>\n\t\t<div class=\"elementor-element elementor-element-deaa44f e-flex e-con-boxed e-con e-parent\" data-id=\"deaa44f\" data-element_type=\"container\" data-e-type=\"container\">\n\t\t\t\t\t<div class=\"e-con-inner\">\n\t\t\t\t<div class=\"elementor-element elementor-element-bbdeba0 elementor-widget elementor-widget-text-editor\" data-id=\"bbdeba0\" data-element_type=\"widget\" data-e-type=\"widget\" data-widget_type=\"text-editor.default\">\n\t\t\t\t\t\t\t\t\t<p data-pm-slice=\"1 1 []\">Arbeitsort K\u00f6ln<\/p><p>Leistungen Aus der vollst\u00e4ndigen Stellenbeschreibung Flexible Arbeitszeiten Homeoffice-M\u00f6glichkeit Weiterbildungsm\u00f6glichkeiten<\/p><p>Vollst\u00e4ndige Stellenbeschreibung Wir sind ITTECHNO, ein innovativer IT-Dienstleister mit Fokus auf Netzwerkinfrastrukturen, IT-Sicherheit und moderne Unternehmensl\u00f6sungen. Mit unserem engagierten Team bieten wir ma\u00dfgeschneiderte IT-Services f\u00fcr Unternehmen aller Gr\u00f6\u00dfen. Unsere Mission: Technologische Exzellenz, Kundenn\u00e4he und zukunftsorientierte L\u00f6sungen.<\/p><p>Zur Verst\u00e4rkung unseres Teams suchen wir in K\u00f6ln zum n\u00e4chstm\u00f6glichen Zeitpunkt einen<\/p><p><strong>Senior Netzwerkadministrator (m\/w\/d)<\/strong><\/p><p><strong>Ihre Herausforderung:<\/strong><\/p><ul data-spread=\"false\"><li><p>Planung, Aufbau und Wartung von IT-Netzwerkinfrastrukturen (WAN, LAN, WLAN)<\/p><\/li><li><p>Konfiguration und Betrieb von Netzwerkkomponenten (Switches, Router, Firewalls)<\/p><\/li><li><p>Monitoring und Performance-Analyse zur Sicherstellung der Servicequalit\u00e4t<\/p><\/li><li><p>Fehleranalyse und -behebung (2nd Level Support)<\/p><\/li><li><p>Automatisierung von administrativen Prozessen<\/p><\/li><li><p>Zusammenarbeit mit Herstellern und externen Dienstleistern<\/p><\/li><li><p>Dokumentation von Systemen, Prozessen und Best Practices<\/p><\/li><li><p>Unterst\u00fctzung bei IT-Sicherheits- und Infrastrukturprojekten<\/p><\/li><\/ul><p><strong>Ihr Profil:<\/strong><\/p><ul data-spread=\"false\"><li><p>Abgeschlossenes Studium im Bereich Informatik oder eine vergleichbare Qualifikation<\/p><\/li><li><p>Fundiertes Wissen in Netzwerktopologien (Ethernet, WLAN) und Protokollen (TCP\/IP, OSPF, BGP)<\/p><\/li><li><p>Erfahrung mit Firewallsystemen (z. B. Fortigate, Cisco) und SD-WAN\/SDN-Technologien<\/p><\/li><li><p>Kenntnisse im Bereich Netzwerk-Sicherheit und Zertifikatsmanagement<\/p><\/li><li><p>Scripting-Kenntnisse von Vorteil (z. B. PowerShell, Python)<\/p><\/li><li><p>Analytische Denkweise, Eigeninitiative und Teamf\u00e4higkeit<\/p><\/li><li><p>Gute Deutsch- und Englischkenntnisse<\/p><\/li><\/ul><p><strong>Ihre Vorteile:<\/strong><\/p><ul data-spread=\"false\"><li><p>Attraktives Gehalt und 30 Tage Urlaub pro Jahr<\/p><\/li><li><p>Sicherer Arbeitsplatz in einem zukunftsorientierten Unternehmen<\/p><\/li><li><p>Individuelle Einarbeitung und Weiterbildungsm\u00f6glichkeiten<\/p><\/li><li><p>Flexible Arbeitszeiten und Homeoffice-Option<\/p><\/li><li><p>Moderne IT-Infrastruktur und Arbeitsumgebung<\/p><\/li><li><p>Mitarbeiterbenefits wie Jobrad, Rabatte und mehr<\/p><\/li><\/ul><p><strong>Haben wir Ihr Interesse geweckt?<\/strong><\/p><p>Dann freuen wir uns auf Ihre Bewerbung mit Gehaltsvorstellung und Verf\u00fcgbarkeit.<\/p><p>Bei Fragen steht Ihnen unser Team gerne zur Verf\u00fcgung:<\/p><p><strong>ITTECHNO<\/strong> | K\u00f6ln | <a href=\"https:\/\/itexperte24.de\/\" rel=\"nofollow\">https:\/\/itexperte24.de\/<\/a> | <a>bewerbung@ittechno.de<\/a><\/p><p><span style=\"background-color: var(--ast-global-color-5); font-weight: bold;\">ITTECHNO<\/span><span style=\"background-color: var(--ast-global-color-5);\">\u00a0| Alfter |\u00a0<\/span><a style=\"font-style: inherit; font-weight: inherit;\" href=\"https:\/\/ittechno.de\/\" target=\"_blank\" rel=\"noopener\">https:\/\/ittechno.de\/<\/a><\/p><p>Arbeitsort: Vor Ort \/ Homeoffice m\u00f6glich<\/p>\t\t\t\t\t\t\t\t<\/div>\n\t\t\t\t\t<\/div>\n\t\t\t\t<\/div>\n\t\t<div class=\"elementor-element elementor-element-50a366f3 e-flex e-con-boxed e-con e-parent\" data-id=\"50a366f3\" data-element_type=\"container\" data-e-type=\"container\" data-settings=\"{&quot;background_background&quot;:&quot;classic&quot;}\">\n\t\t\t\t\t<div class=\"e-con-inner\">\n\t\t\t\t<div class=\"elementor-element elementor-element-123cd9c8 elementor-view-default elementor-widget elementor-widget-icon\" data-id=\"123cd9c8\" data-element_type=\"widget\" data-e-type=\"widget\" data-widget_type=\"icon.default\">\n\t\t\t\t\t\t\t<div class=\"elementor-icon-wrapper\">\n\t\t\t<div class=\"elementor-icon\">\n\t\t\t<svg xmlns=\"http:\/\/www.w3.org\/2000\/svg\" id=\"Layer_1\" height=\"512\" viewBox=\"0 0 512 512\" width=\"512\" data-name=\"Layer 1\"><path d=\"m158.7 107.147a23.542 23.542 0 0 1 -6.6 29.224l-8 6.38a579.789 579.789 0 0 1 -48.083-109.32l27.2.888zm246.47 246.468 72.83 35.485.878 26.888a611.774 611.774 0 0 1 -109.3-47.805l6.371-7.968a23.539 23.539 0 0 1 29.225-6.6zm-281.037 34.567c68.184 68.194 157.506 110.958 258.311 123.69a17.037 17.037 0 0 0 2 .128c50.733 0 91.2-18.831 117.049-54.464a49.868 49.868 0 0 0 9.676-31.552l-1.249-38.52a30.5 30.5 0 0 0 -17.383-26.83l-73.377-35.745a55.609 55.609 0 0 0 -68.185 15.386l-25.621 32.1c-88.132-40.037-145.375-97.28-185.414-185.414l32.092-25.618a55.6 55.6 0 0 0 15.386-68.2l-35.748-73.361a30.47 30.47 0 0 0 -26.817-17.382l-38.522-1.25a49.764 49.764 0 0 0 -31.561 9.676c-35.626 25.849-54.455 66.318-54.455 117.04a15.213 15.213 0 0 0 .128 2.006c12.721 100.793 55.5 190.114 123.69 258.31zm280.6-256.606a29.56 29.56 0 1 1 8.658-20.9 29.387 29.387 0 0 1 -8.658 20.9zm-72.779 21.309a106.914 106.914 0 0 0 -47.617 55.139c-40.5-50.153-37.472-124.053 9.119-170.632a127.837 127.837 0 0 1 189.891 170.66 106.756 106.756 0 0 0 -47.607-55.167 66.894 66.894 0 1 0 -103.786 0zm-16.768 85.415a69.063 69.063 0 0 1 137.314 0l.376 3.471-3.03 1.733a133.53 133.53 0 0 1 -132.006 0l-3.029-1.733z\" fill-rule=\"evenodd\"><\/path><\/svg>\t\t\t<\/div>\n\t\t<\/div>\n\t\t\t\t\t\t<\/div>\n\t\t\t\t<div class=\"elementor-element elementor-element-3980af43 elementor-button-info elementor-widget elementor-widget-button\" data-id=\"3980af43\" data-element_type=\"widget\" data-e-type=\"widget\" data-widget_type=\"button.default\">\n\t\t\t\t\t\t\t\t\t\t<a class=\"elementor-button elementor-button-link elementor-size-sm\" href=\"tel:015735614721\">\n\t\t\t\t\t\t<span class=\"elementor-button-content-wrapper\">\n\t\t\t\t\t\t\t\t\t<span class=\"elementor-button-text\">Rufen Sie uns an!<\/span>\n\t\t\t\t\t<\/span>\n\t\t\t\t\t<\/a>\n\t\t\t\t\t\t\t\t<\/div>\n\t\t\t\t<div class=\"elementor-element elementor-element-765f427c elementor-widget elementor-widget-button\" data-id=\"765f427c\" data-element_type=\"widget\" data-e-type=\"widget\" data-widget_type=\"button.default\">\n\t\t\t\t\t\t\t\t\t\t<a class=\"elementor-button elementor-button-link elementor-size-sm\" href=\"mailto:service@itexperte24.de\">\n\t\t\t\t\t\t<span class=\"elementor-button-content-wrapper\">\n\t\t\t\t\t\t\t\t\t<span class=\"elementor-button-text\">Jetzt Angebot anfordern!<\/span>\n\t\t\t\t\t<\/span>\n\t\t\t\t\t<\/a>\n\t\t\t\t\t\t\t\t<\/div>\n\t\t\t\t<div class=\"elementor-element elementor-element-aaeddda elementor-view-default elementor-widget elementor-widget-icon\" data-id=\"aaeddda\" data-element_type=\"widget\" data-e-type=\"widget\" data-widget_type=\"icon.default\">\n\t\t\t\t\t\t\t<div class=\"elementor-icon-wrapper\">\n\t\t\t<div class=\"elementor-icon\">\n\t\t\t<svg xmlns=\"http:\/\/www.w3.org\/2000\/svg\" id=\"Icons\" viewBox=\"0 0 60 60\"><path d=\"M58.266,18.524,52,14.232V3a3,3,0,0,0-3-3H11A3,3,0,0,0,8,3V14.232L1.742,18.52A3.942,3.942,0,0,0,0,21.8V56.02A3.994,3.994,0,0,0,4,60H56a3.994,3.994,0,0,0,4-3.98V21.8A3.942,3.942,0,0,0,58.266,18.524Zm-.453,38.319L35.243,39.71,58,22.041V56.02A1.947,1.947,0,0,1,57.813,56.843Zm-.674-36.666L52,24.167v-7.51ZM11,2H49a1,1,0,0,1,1,1V25.72L33.594,38.458l-.6-.455a4.97,4.97,0,0,0-5.989,0l-.6.454L10,25.72V3A1,1,0,0,1,11,2ZM2.187,56.843A1.947,1.947,0,0,1,2,56.02V22.041L24.757,39.71ZM8,16.657v7.51L2.862,20.178l0,0ZM4,58a.23.23,0,0,1-.026,0L28.215,39.6a2.96,2.96,0,0,1,3.569,0L56.026,58A.23.23,0,0,1,56,58Z\"><\/path><path d=\"M30,32a13,13,0,0,0,6.5-1.74,1,1,0,0,0-1-1.731A11,11,0,1,1,41,19v1.5a2.5,2.5,0,0,1-5,0V14a1,1,0,0,0-2,0v.54a6,6,0,1,0,.647,8.249A4.486,4.486,0,0,0,43,20.5V19A13,13,0,1,0,30,32Zm0-9a4,4,0,1,1,4-4A4,4,0,0,1,30,23Z\"><\/path><\/svg>\t\t\t<\/div>\n\t\t<\/div>\n\t\t\t\t\t\t<\/div>\n\t\t\t\t\t<\/div>\n\t\t\t\t<\/div>\n\t\t<div class=\"elementor-element elementor-element-9c8dbaf e-flex e-con-boxed e-con e-parent\" data-id=\"9c8dbaf\" data-element_type=\"container\" data-e-type=\"container\">\n\t\t\t\t\t<div class=\"e-con-inner\">\n\t\t\t\t<div class=\"elementor-element elementor-element-3f86245 elementor-widget elementor-widget-heading\" data-id=\"3f86245\" data-element_type=\"widget\" data-e-type=\"widget\" data-widget_type=\"heading.default\">\n\t\t\t\t\t<h2 class=\"elementor-heading-title elementor-size-default\">Senior Netzwerkadministrator (m\/w\/d) \u2013 Gestalten Sie die IT-Infrastruktur von morgen!\n\n\n\n\n\n\n\n<\/h2>\t\t\t\t<\/div>\n\t\t\t\t<div class=\"elementor-element elementor-element-c6b6b6c elementor-widget elementor-widget-text-editor\" data-id=\"c6b6b6c\" data-element_type=\"widget\" data-e-type=\"widget\" data-widget_type=\"text-editor.default\">\n\t\t\t\t\t\t\t\t\t<article class=\"group\/turn w-full text-token-text-primary focus-visible:outline-2 focus-visible:outline-offset-[-4px]\" dir=\"auto\" data-testid=\"conversation-turn-6\" data-scroll-anchor=\"false\"><div class=\"text-base my-auto mx-auto py-[18px] px-6\"><div class=\"mx-auto flex flex-1 text-base gap-4 md:gap-5 lg:gap-6 md:max-w-3xl\"><div class=\"group\/conversation-turn relative flex w-full min-w-0 flex-col agent-turn @xs\/thread:px-0 @sm\/thread:px-1.5 @md\/thread:px-4\"><div class=\"flex-col gap-1 md:gap-3\"><div class=\"flex max-w-full flex-col flex-grow\"><div class=\"min-h-8 text-message relative flex w-full flex-col items-end gap-2 whitespace-normal break-words text-start [.text-message+&amp;]:mt-5\" dir=\"auto\" data-message-author-role=\"assistant\" data-message-id=\"f63c25a4-25c8-4485-9833-4840c84f6818\" data-message-model-slug=\"gpt-4o\"><div class=\"flex w-full flex-col gap-1 empty:hidden first:pt-[3px]\"><div class=\"markdown prose w-full break-words dark:prose-invert light\"><p data-start=\"216\" data-end=\"454\">Sie sind ein erfahrener Netzwerkprofi und suchen eine neue Herausforderung? ITTECHNO in K\u00f6ln bietet Ihnen die Chance, als <strong data-start=\"338\" data-end=\"378\"><a href=\"https:\/\/de.indeed.com\/q-netzwerkadministrator-jobs.html?vjk=bd847d73d07f6637\" rel=\"nofollow noopener\" target=\"_blank\">Senior Netzwerkadministrator<\/a> (m\/w\/d)<\/strong> in einem innovativen und zukunftsorientierten Unternehmen durchzustarten.<\/p><p data-start=\"456\" data-end=\"820\">In dieser Schl\u00fcsselrolle verantworten Sie die Planung, den Aufbau und die Wartung moderner IT-Netzwerkinfrastrukturen. Egal ob LAN, WAN oder WLAN \u2014 Sie stellen sicher, dass unsere Netzwerke stabil, sicher und leistungsf\u00e4hig laufen. Sie konfigurieren Router, Switches und Firewalls, analysieren auftretende Fehler und beheben diese effizient im 2nd Level Support.<\/p><p data-start=\"822\" data-end=\"1170\">Doch das ist nicht alles: Sie treiben die Automatisierung von wiederkehrenden Prozessen voran und gestalten dadurch die Netzwerklandschaft noch smarter und effizienter. In Zusammenarbeit mit f\u00fchrenden Herstellern und externen Partnern entwickeln Sie innovative L\u00f6sungen und stellen sicher, dass unsere Infrastruktur stets am Puls der Zeit bleibt.<\/p><p data-start=\"1172\" data-end=\"1467\">Ihr Wissen \u00fcber Netzwerktopologien (Ethernet, WLAN) und Protokolle (TCP\/IP, OSPF, BGP) ist genauso gefragt wie Ihre Erfahrung mit Firewallsystemen (z. B. Fortigate, Cisco) und modernen SD-WAN- und SDN-Technologien. Kenntnisse in Scripting (z. B. PowerShell, Python) sind ein zus\u00e4tzliches Plus.<\/p><p data-start=\"1469\" data-end=\"1505\"><strong data-start=\"1469\" data-end=\"1503\">Was erwartet Sie bei ITTECHNO?<\/strong><\/p><ul data-start=\"1506\" data-end=\"1919\"><li data-start=\"1506\" data-end=\"1587\"><strong data-start=\"1508\" data-end=\"1547\">Attraktives Gehalt &amp; 30 Tage Urlaub<\/strong> \u2013 Ihre Leistung wird bei uns belohnt.<\/li><li data-start=\"1588\" data-end=\"1671\"><strong data-start=\"1590\" data-end=\"1629\">Homeoffice &amp; flexible Arbeitszeiten<\/strong> \u2013 Passen Sie Ihren Job an Ihr Leben an.<\/li><li data-start=\"1672\" data-end=\"1766\"><strong data-start=\"1674\" data-end=\"1705\">Weiterbildungsm\u00f6glichkeiten<\/strong> \u2013 Wir f\u00f6rdern Ihre pers\u00f6nliche und berufliche Entwicklung.<\/li><li data-start=\"1767\" data-end=\"1836\"><strong data-start=\"1769\" data-end=\"1797\">Moderne IT-Infrastruktur<\/strong> \u2013 Arbeiten Sie mit neuester Technik.<\/li><li data-start=\"1837\" data-end=\"1919\"><strong data-start=\"1839\" data-end=\"1862\">Mitarbeiterbenefits<\/strong> \u2013 Freuen Sie sich auf Jobrad, Rabatte und vieles mehr.<\/li><\/ul><p data-start=\"1921\" data-end=\"2108\">Wenn Sie bereit sind, Ihre Netzwerkexpertise in spannende Projekte einzubringen und gemeinsam mit uns die Zukunft der IT-Landschaft zu gestalten, dann freuen wir uns auf Ihre Bewerbung!<\/p><hr data-start=\"2110\" data-end=\"2113\" \/><h3 data-start=\"2115\" data-end=\"2222\"><strong data-start=\"2119\" data-end=\"2222\">Senior Netzwerkadministrator (m\/w\/d) \u2013 Ihre Chance auf spannende Projekte und Zukunftstechnologien!<\/strong><\/h3><p data-start=\"2224\" data-end=\"2402\">ITTECHNO, der innovative IT-Dienstleister mit Sitz in K\u00f6ln, sucht einen <strong data-start=\"2296\" data-end=\"2336\">Senior Netzwerkadministrator (m\/w\/d)<\/strong>, der bereit ist, in einem dynamischen Umfeld Gro\u00dfes zu bewegen.<\/p><p data-start=\"2404\" data-end=\"2685\">Als erfahrener Profi in der Netzwerktechnik \u00fcbernehmen Sie eine verantwortungsvolle Rolle bei der Planung, Implementierung und Betreuung von IT-Netzwerkinfrastrukturen \u2014 von lokalen Netzwerken (LAN) \u00fcber drahtlose Verbindungen (WLAN) bis hin zu globalen Weitverkehrsnetzen (WAN).<\/p><p data-start=\"2687\" data-end=\"2977\">Ihre Aufgabe umfasst die Konfiguration von Routern, Switches und Firewalls namhafter Hersteller wie Cisco und Fortinet. Sie sorgen daf\u00fcr, dass alle Systeme reibungslos laufen und f\u00fchren regelm\u00e4\u00dfige Performance-Analysen durch, um fr\u00fchzeitig Schwachstellen zu identifizieren und zu beheben.<\/p><p data-start=\"2979\" data-end=\"3381\">Doch das ist erst der Anfang: Sie sind nicht nur Troubleshooter, sondern auch Innovator. Mit Ihrem Blick f\u00fcrs Ganze treiben Sie die Automatisierung von Abl\u00e4ufen voran und sorgen so f\u00fcr mehr Effizienz im Netzwerkmanagement. Gleichzeitig wirken Sie an wichtigen IT-Sicherheits- und Infrastrukturprojekten mit und helfen dabei, unser Unternehmen in Sachen Netzwerksicherheit zukunftssicher aufzustellen.<\/p><p data-start=\"3383\" data-end=\"3408\"><strong data-start=\"3383\" data-end=\"3406\">Was Sie mitbringen:<\/strong><\/p><ul data-start=\"3409\" data-end=\"3772\"><li data-start=\"3409\" data-end=\"3501\">Ein abgeschlossenes Studium im Bereich Informatik oder eine vergleichbare Qualifikation.<\/li><li data-start=\"3502\" data-end=\"3579\">Tiefes Wissen \u00fcber Netzwerktopologien und Protokolle (TCP\/IP, OSPF, BGP).<\/li><li data-start=\"3580\" data-end=\"3674\">Erfahrung mit Firewallsystemen (z. B. Fortigate, Cisco) sowie SD-WAN und SDN-Technologien.<\/li><li data-start=\"3675\" data-end=\"3730\">Analytisches Denken, Eigeninitiative und Teamgeist.<\/li><li data-start=\"3731\" data-end=\"3772\">Gute Deutsch- und Englischkenntnisse.<\/li><\/ul><p data-start=\"3774\" data-end=\"3795\"><strong data-start=\"3774\" data-end=\"3793\">Warum ITTECHNO?<\/strong><\/p><ul data-start=\"3796\" data-end=\"4237\"><li data-start=\"3796\" data-end=\"3875\"><strong data-start=\"3798\" data-end=\"3839\">Attraktive Verg\u00fctung &amp; 30 Urlaubstage<\/strong> \u2013 Ihre Arbeit wird wertgesch\u00e4tzt.<\/li><li data-start=\"3876\" data-end=\"3969\"><strong data-start=\"3878\" data-end=\"3917\">Homeoffice &amp; flexible Arbeitszeiten<\/strong> \u2013 Work-Life-Balance wird bei uns gro\u00dfgeschrieben.<\/li><li data-start=\"3970\" data-end=\"4081\"><strong data-start=\"3972\" data-end=\"4019\">Modernste Technologien &amp; spannende Projekte<\/strong> \u2013 Wir arbeiten mit zukunftsweisenden Tools und Plattformen.<\/li><li data-start=\"4082\" data-end=\"4158\"><strong data-start=\"4084\" data-end=\"4114\">Individuelle Weiterbildung<\/strong> \u2013 Ihre Weiterentwicklung ist uns wichtig.<\/li><li data-start=\"4159\" data-end=\"4237\"><strong data-start=\"4161\" data-end=\"4185\">Mitarbeiter-Vorteile<\/strong> \u2013 Jobrad, Rabatte und vieles mehr warten auf Sie.<\/li><\/ul><p data-start=\"4239\" data-end=\"4375\">Sind Sie bereit, gemeinsam mit ITTECHNO die Zukunft der Netzwerke zu gestalten? Dann bewerben Sie sich jetzt \u2013 wir freuen uns auf Sie!<\/p><\/div><\/div><\/div><\/div><\/div><\/div><\/div><\/div><\/article>\t\t\t\t\t\t\t\t<\/div>\n\t\t\t\t\t<\/div>\n\t\t\t\t<\/div>\n\t\t\t\t<\/div>\n\t\t","protected":false},"excerpt":{"rendered":"<p>Senior Netzwerkadministrator (m\/w\/d) Arbeitsort K\u00f6ln Leistungen Aus der vollst\u00e4ndigen Stellenbeschreibung Flexible Arbeitszeiten Homeoffice-M\u00f6glichkeit Weiterbildungsm\u00f6glichkeiten Vollst\u00e4ndige Stellenbeschreibung Wir sind ITTECHNO, ein innovativer IT-Dienstleister mit Fokus auf Netzwerkinfrastrukturen, IT-Sicherheit und moderne Unternehmensl\u00f6sungen. Mit unserem engagierten Team bieten wir ma\u00dfgeschneiderte IT-Services f\u00fcr Unternehmen aller Gr\u00f6\u00dfen. Unsere Mission: Technologische Exzellenz, Kundenn\u00e4he und zukunftsorientierte L\u00f6sungen. Zur Verst\u00e4rkung unseres Teams suchen [&hellip;]<\/p>\n","protected":false},"author":2,"featured_media":2364,"parent":0,"menu_order":0,"comment_status":"closed","ping_status":"closed","template":"","meta":{"footnotes":""},"class_list":["post-2345","page","type-page","status-publish","has-post-thumbnail","hentry"],"_links":{"self":[{"href":"https:\/\/itexperte24.de\/en\/wp-json\/wp\/v2\/pages\/2345","targetHints":{"allow":["GET"]}}],"collection":[{"href":"https:\/\/itexperte24.de\/en\/wp-json\/wp\/v2\/pages"}],"about":[{"href":"https:\/\/itexperte24.de\/en\/wp-json\/wp\/v2\/types\/page"}],"author":[{"embeddable":true,"href":"https:\/\/itexperte24.de\/en\/wp-json\/wp\/v2\/users\/2"}],"replies":[{"embeddable":true,"href":"https:\/\/itexperte24.de\/en\/wp-json\/wp\/v2\/comments?post=2345"}],"version-history":[{"count":0,"href":"https:\/\/itexperte24.de\/en\/wp-json\/wp\/v2\/pages\/2345\/revisions"}],"wp:featuredmedia":[{"embeddable":true,"href":"https:\/\/itexperte24.de\/en\/wp-json\/wp\/v2\/media\/2364"}],"wp:attachment":[{"href":"https:\/\/itexperte24.de\/en\/wp-json\/wp\/v2\/media?parent=2345"}],"curies":[{"name":"wp","href":"https:\/\/api.w.org\/{rel}","templated":true}]}}