{"id":2011,"date":"2025-01-19T18:16:19","date_gmt":"2025-01-19T18:16:19","guid":{"rendered":"https:\/\/itexperte24.de\/?page_id=2011"},"modified":"2025-01-21T21:51:51","modified_gmt":"2025-01-21T21:51:51","slug":"remote-service-mit-teamviewer","status":"publish","type":"page","link":"https:\/\/itexperte24.de\/en\/remote-service-mit-teamviewer\/","title":{"rendered":"Remote Service mit TeamViewer"},"content":{"rendered":"<div data-elementor-type=\"wp-page\" data-elementor-id=\"2011\" class=\"elementor elementor-2011\" data-elementor-post-type=\"page\">\n\t\t\t\t<div class=\"elementor-element elementor-element-ddb708a e-flex e-con-boxed e-con e-parent\" data-id=\"ddb708a\" data-element_type=\"container\" data-e-type=\"container\">\n\t\t\t\t\t<div class=\"e-con-inner\">\n\t\t<div class=\"elementor-element elementor-element-903754c e-con-full e-flex e-con e-child\" data-id=\"903754c\" data-element_type=\"container\" data-e-type=\"container\">\n\t\t\t\t<div class=\"elementor-element elementor-element-cefcc08 elementor-widget elementor-widget-image\" data-id=\"cefcc08\" data-element_type=\"widget\" data-e-type=\"widget\" data-widget_type=\"image.default\">\n\t\t\t\t\t\t\t\t\t\t\t\t\t\t\t<img fetchpriority=\"high\" decoding=\"async\" width=\"800\" height=\"800\" src=\"https:\/\/itexperte24.de\/wp-content\/uploads\/2025\/01\/34721201_social_media_144-1.webp\" class=\"attachment-large size-large wp-image-2014\" alt=\"Remote Service zur Fehlerdiagnose auf Ihrem Computer\" srcset=\"https:\/\/itexperte24.de\/wp-content\/uploads\/2025\/01\/34721201_social_media_144-1.webp 800w, https:\/\/itexperte24.de\/wp-content\/uploads\/2025\/01\/34721201_social_media_144-1-300x300.webp 300w, https:\/\/itexperte24.de\/wp-content\/uploads\/2025\/01\/34721201_social_media_144-1-150x150.webp 150w, https:\/\/itexperte24.de\/wp-content\/uploads\/2025\/01\/34721201_social_media_144-1-768x768.webp 768w\" sizes=\"(max-width: 800px) 100vw, 800px\" \/>\t\t\t\t\t\t\t\t\t\t\t\t\t\t\t<\/div>\n\t\t\t\t<\/div>\n\t\t<div class=\"elementor-element elementor-element-cc0cf30 e-con-full e-flex e-con e-child\" data-id=\"cc0cf30\" data-element_type=\"container\" data-e-type=\"container\">\n\t\t<div class=\"elementor-element elementor-element-4f39d42 e-con-full e-flex e-con e-child\" data-id=\"4f39d42\" data-element_type=\"container\" data-e-type=\"container\">\n\t\t\t\t<div class=\"elementor-element elementor-element-c71682c elementor-widget elementor-widget-heading\" data-id=\"c71682c\" data-element_type=\"widget\" data-e-type=\"widget\" data-widget_type=\"heading.default\">\n\t\t\t\t\t<h1 class=\"elementor-heading-title elementor-size-default\">Remote Service : Schnelle und effiziente IT-Hilfe direkt bei Ihnen\u200b<\/h1>\t\t\t\t<\/div>\n\t\t\t\t<\/div>\n\t\t<div class=\"elementor-element elementor-element-3a91e37 e-con-full e-flex e-con e-child\" data-id=\"3a91e37\" data-element_type=\"container\" data-e-type=\"container\">\n\t\t\t\t<div class=\"elementor-element elementor-element-275231b elementor-widget elementor-widget-text-editor\" data-id=\"275231b\" data-element_type=\"widget\" data-e-type=\"widget\" data-widget_type=\"text-editor.default\">\n\t\t\t\t\t\t\t\t\t<p>Ben\u00f6tigen Sie schnelle IT-Hilfe? Mit Remote-Service<b> <\/b>k\u00f6nnen Experten aus der Ferne Ihr Ger\u00e4t reparieren und aktualisieren \u2013 schnell und kosteng\u00fcnstig. Egal ob Bonn, Bornheim oder Alfter, profitieren Sie von einer zuverl\u00e4ssigen L\u00f6sung, die Ausfallzeiten minimiert.<\/p>\t\t\t\t\t\t\t\t<\/div>\n\t\t\t\t<\/div>\n\t\t\t\t<\/div>\n\t\t\t\t\t<\/div>\n\t\t\t\t<\/div>\n\t\t<div class=\"elementor-element elementor-element-51a50ef8 e-flex e-con-boxed e-con e-parent\" data-id=\"51a50ef8\" data-element_type=\"container\" data-e-type=\"container\" data-settings=\"{&quot;background_background&quot;:&quot;classic&quot;}\">\n\t\t\t\t\t<div class=\"e-con-inner\">\n\t\t<div class=\"elementor-element elementor-element-5c33b16 e-con-full e-flex e-con e-child\" data-id=\"5c33b16\" data-element_type=\"container\" data-e-type=\"container\">\n\t\t\t\t<div class=\"elementor-element elementor-element-24204008 elementor-view-default elementor-widget elementor-widget-icon\" data-id=\"24204008\" data-element_type=\"widget\" data-e-type=\"widget\" data-widget_type=\"icon.default\">\n\t\t\t\t\t\t\t<div class=\"elementor-icon-wrapper\">\n\t\t\t<div class=\"elementor-icon\">\n\t\t\t<svg xmlns=\"http:\/\/www.w3.org\/2000\/svg\" id=\"Layer_1\" height=\"512\" viewbox=\"0 0 512 512\" width=\"512\" data-name=\"Layer 1\"><path d=\"m158.7 107.147a23.542 23.542 0 0 1 -6.6 29.224l-8 6.38a579.789 579.789 0 0 1 -48.083-109.32l27.2.888zm246.47 246.468 72.83 35.485.878 26.888a611.774 611.774 0 0 1 -109.3-47.805l6.371-7.968a23.539 23.539 0 0 1 29.225-6.6zm-281.037 34.567c68.184 68.194 157.506 110.958 258.311 123.69a17.037 17.037 0 0 0 2 .128c50.733 0 91.2-18.831 117.049-54.464a49.868 49.868 0 0 0 9.676-31.552l-1.249-38.52a30.5 30.5 0 0 0 -17.383-26.83l-73.377-35.745a55.609 55.609 0 0 0 -68.185 15.386l-25.621 32.1c-88.132-40.037-145.375-97.28-185.414-185.414l32.092-25.618a55.6 55.6 0 0 0 15.386-68.2l-35.748-73.361a30.47 30.47 0 0 0 -26.817-17.382l-38.522-1.25a49.764 49.764 0 0 0 -31.561 9.676c-35.626 25.849-54.455 66.318-54.455 117.04a15.213 15.213 0 0 0 .128 2.006c12.721 100.793 55.5 190.114 123.69 258.31zm280.6-256.606a29.56 29.56 0 1 1 8.658-20.9 29.387 29.387 0 0 1 -8.658 20.9zm-72.779 21.309a106.914 106.914 0 0 0 -47.617 55.139c-40.5-50.153-37.472-124.053 9.119-170.632a127.837 127.837 0 0 1 189.891 170.66 106.756 106.756 0 0 0 -47.607-55.167 66.894 66.894 0 1 0 -103.786 0zm-16.768 85.415a69.063 69.063 0 0 1 137.314 0l.376 3.471-3.03 1.733a133.53 133.53 0 0 1 -132.006 0l-3.029-1.733z\" fill-rule=\"evenodd\"><\/path><\/svg>\t\t\t<\/div>\n\t\t<\/div>\n\t\t\t\t\t\t<\/div>\n\t\t\t\t<div class=\"elementor-element elementor-element-59c3914a elementor-button-info elementor-widget elementor-widget-button\" data-id=\"59c3914a\" data-element_type=\"widget\" data-e-type=\"widget\" data-widget_type=\"button.default\">\n\t\t\t\t\t\t\t\t\t\t<a class=\"elementor-button elementor-button-link elementor-size-sm\" href=\"tel:015735614721\">\n\t\t\t\t\t\t<span class=\"elementor-button-content-wrapper\">\n\t\t\t\t\t\t\t\t\t<span class=\"elementor-button-text\">Rufen Sie uns an!<\/span>\n\t\t\t\t\t<\/span>\n\t\t\t\t\t<\/a>\n\t\t\t\t\t\t\t\t<\/div>\n\t\t\t\t<div class=\"elementor-element elementor-element-79d56c74 elementor-widget elementor-widget-button\" data-id=\"79d56c74\" data-element_type=\"widget\" data-e-type=\"widget\" data-widget_type=\"button.default\">\n\t\t\t\t\t\t\t\t\t\t<a class=\"elementor-button elementor-button-link elementor-size-sm\" href=\"mailto:service@itexperte24.de\">\n\t\t\t\t\t\t<span class=\"elementor-button-content-wrapper\">\n\t\t\t\t\t\t\t\t\t<span class=\"elementor-button-text\">Request a quote now!<\/span>\n\t\t\t\t\t<\/span>\n\t\t\t\t\t<\/a>\n\t\t\t\t\t\t\t\t<\/div>\n\t\t\t\t<div class=\"elementor-element elementor-element-3eb0afd1 elementor-view-default elementor-widget elementor-widget-icon\" data-id=\"3eb0afd1\" data-element_type=\"widget\" data-e-type=\"widget\" data-widget_type=\"icon.default\">\n\t\t\t\t\t\t\t<div class=\"elementor-icon-wrapper\">\n\t\t\t<div class=\"elementor-icon\">\n\t\t\t<svg xmlns=\"http:\/\/www.w3.org\/2000\/svg\" id=\"Icons\" viewbox=\"0 0 60 60\"><path d=\"M58.266,18.524,52,14.232V3a3,3,0,0,0-3-3H11A3,3,0,0,0,8,3V14.232L1.742,18.52A3.942,3.942,0,0,0,0,21.8V56.02A3.994,3.994,0,0,0,4,60H56a3.994,3.994,0,0,0,4-3.98V21.8A3.942,3.942,0,0,0,58.266,18.524Zm-.453,38.319L35.243,39.71,58,22.041V56.02A1.947,1.947,0,0,1,57.813,56.843Zm-.674-36.666L52,24.167v-7.51ZM11,2H49a1,1,0,0,1,1,1V25.72L33.594,38.458l-.6-.455a4.97,4.97,0,0,0-5.989,0l-.6.454L10,25.72V3A1,1,0,0,1,11,2ZM2.187,56.843A1.947,1.947,0,0,1,2,56.02V22.041L24.757,39.71ZM8,16.657v7.51L2.862,20.178l0,0ZM4,58a.23.23,0,0,1-.026,0L28.215,39.6a2.96,2.96,0,0,1,3.569,0L56.026,58A.23.23,0,0,1,56,58Z\"><\/path><path d=\"M30,32a13,13,0,0,0,6.5-1.74,1,1,0,0,0-1-1.731A11,11,0,1,1,41,19v1.5a2.5,2.5,0,0,1-5,0V14a1,1,0,0,0-2,0v.54a6,6,0,1,0,.647,8.249A4.486,4.486,0,0,0,43,20.5V19A13,13,0,1,0,30,32Zm0-9a4,4,0,1,1,4-4A4,4,0,0,1,30,23Z\"><\/path><\/svg>\t\t\t<\/div>\n\t\t<\/div>\n\t\t\t\t\t\t<\/div>\n\t\t\t\t<\/div>\n\t\t<div class=\"elementor-element elementor-element-6b25551 e-con-full e-flex e-con e-child\" data-id=\"6b25551\" data-element_type=\"container\" data-e-type=\"container\">\n\t\t\t\t<div class=\"elementor-element elementor-element-b57c4bf elementor-widget elementor-widget-button\" data-id=\"b57c4bf\" data-element_type=\"widget\" data-e-type=\"widget\" data-widget_type=\"button.default\">\n\t\t\t\t\t\t\t\t\t\t<a class=\"elementor-button elementor-button-link elementor-size-sm\" href=\"https:\/\/download.teamviewer.com\/download\/TeamViewerQS_x64.exe\" rel=\"nofollow noopener\" target=\"_blank\">\n\t\t\t\t\t\t<span class=\"elementor-button-content-wrapper\">\n\t\t\t\t\t\t\t\t\t<span class=\"elementor-button-text\">Teamviewer quicksupport Herunterladen<\/span>\n\t\t\t\t\t<\/span>\n\t\t\t\t\t<\/a>\n\t\t\t\t\t\t\t\t<\/div>\n\t\t\t\t<\/div>\n\t\t\t\t\t<\/div>\n\t\t\t\t<\/div>\n\t\t<div class=\"elementor-element elementor-element-be6a604 e-flex e-con-boxed e-con e-parent\" data-id=\"be6a604\" data-element_type=\"container\" data-e-type=\"container\">\n\t\t\t\t\t<div class=\"e-con-inner\">\n\t\t\t\t<div class=\"elementor-element elementor-element-0598ee2 elementor-widget-divider--view-line_icon elementor-widget-divider--separator-type-pattern elementor-widget-divider--no-spacing elementor-view-default elementor-widget-divider--element-align-center elementor-widget elementor-widget-divider\" data-id=\"0598ee2\" data-element_type=\"widget\" data-e-type=\"widget\" data-widget_type=\"divider.default\">\n\t\t\t\t\t\t\t<div class=\"elementor-divider\" style=\"--divider-pattern-url: url(&quot;data:image\/svg+xml,%3Csvg xmlns=&#039;http:\/\/www.w3.org\/2000\/svg&#039; preserveAspectRatio=&#039;xMidYMid meet&#039; overflow=&#039;visible&#039; height=&#039;100%&#039; viewBox=&#039;0 0 120 26&#039; fill=&#039;black&#039; stroke=&#039;none&#039;%3E%3Cpath d=&#039;M11.9,15.9L11.9,15.9L0,16c-0.2-3.7,1.5-5.7,4.9-6C10,9.6,12.4,14.2,11.9,15.9zM26.9,15.9L26.9,15.9L15,16c0.5-3.7,2.5-5.7,5.9-6C26,9.6,27.4,14.2,26.9,15.9z M37.1,10c3.4,0.3,5.1,2.3,4.9,6H30.1C29.5,14.4,31.9,9.6,37.1,10z M57,15.9L57,15.9L45,16c0-3.4,1.6-5.4,4.9-5.9C54.8,9.3,57.4,14.2,57,15.9z M71.9,15.9L71.9,15.9L60,16c-0.2-3.7,1.5-5.7,4.9-6C70,9.6,72.4,14.2,71.9,15.9z M82.2,10c3.4,0.3,5,2.3,4.8,6H75.3C74,13,77.1,9.6,82.2,10zM101.9,15.9L101.9,15.9L90,16c-0.2-3.7,1.5-5.7,4.9-6C100,9.6,102.4,14.2,101.9,15.9z M112.1,10.1c2.7,0.5,4.3,2.5,4.9,5.9h-11.9l0,0C104.5,14.4,108,9.3,112.1,10.1z&#039;\/%3E%3C\/svg%3E&quot;);\">\n\t\t\t<span class=\"elementor-divider-separator\">\n\t\t\t\t\t\t\t<div class=\"elementor-icon elementor-divider__element\">\n\t\t\t\t\t<svg aria-hidden=\"true\" class=\"e-font-icon-svg e-fas-info\" viewbox=\"0 0 192 512\" xmlns=\"http:\/\/www.w3.org\/2000\/svg\"><path d=\"M20 424.229h20V279.771H20c-11.046 0-20-8.954-20-20V212c0-11.046 8.954-20 20-20h112c11.046 0 20 8.954 20 20v212.229h20c11.046 0 20 8.954 20 20V492c0 11.046-8.954 20-20 20H20c-11.046 0-20-8.954-20-20v-47.771c0-11.046 8.954-20 20-20zM96 0C56.235 0 24 32.235 24 72s32.235 72 72 72 72-32.235 72-72S135.764 0 96 0z\"><\/path><\/svg><\/div>\n\t\t\t\t\t\t<\/span>\n\t\t<\/div>\n\t\t\t\t\t\t<\/div>\n\t\t\t\t<div class=\"elementor-element elementor-element-ee9e159 elementor-widget elementor-widget-heading\" data-id=\"ee9e159\" data-element_type=\"widget\" data-e-type=\"widget\" data-widget_type=\"heading.default\">\n\t\t\t\t\t<h2 class=\"elementor-heading-title elementor-size-default\">Was ist Remote Service und wie profitieren Sie davon?<\/h2>\t\t\t\t<\/div>\n\t\t\t\t<div class=\"elementor-element elementor-element-f48dd9a elementor-widget elementor-widget-text-editor\" data-id=\"f48dd9a\" data-element_type=\"widget\" data-e-type=\"widget\" data-widget_type=\"text-editor.default\">\n\t\t\t\t\t\t\t\t\t<p>Remote Support ist eine innovative L\u00f6sung, die es IT-Experten erm\u00f6glicht, Computer, Laptops und andere Ger\u00e4te aus der Ferne zu warten, zu reparieren und zu unterst\u00fctzen. Diese Technologie wird immer popul\u00e4rer, da sie schnelle und kosteng\u00fcnstige Hilfe erm\u00f6glicht, ohne dass ein Techniker vor Ort erscheinen muss. Sie kann f\u00fcr eine Vielzahl von Aufgaben eingesetzt werden, von der Fehlerbehebung \u00fcber Software-Updates bis hin zur IT-Sicherheit. In diesem Artikel erkl\u00e4ren wir, was Remote Support ist und wie Unternehmen sowie Privatpersonen in Bonn, Bornheim und Alfter von diesen Services profitieren k\u00f6nnen.<\/p><p>Was ist Fernzugriff ?<\/p><p>Remote Service bezeichnet den Prozess, bei dem ein IT-Experte auf ein Ger\u00e4t zugreift, ohne physisch anwesend zu sein. \u00dcber eine Internetverbindung kann der Techniker direkt auf den Computer, Laptop oder Server zugreifen, um Probleme zu diagnostizieren und zu beheben. Dies geschieht durch spezielle Fernwartungssoftware, die eine sichere und stabile Verbindung zwischen dem Nutzer und dem Techniker erm\u00f6glicht. Dank dieser Technologie k\u00f6nnen Techniker schnelle Unterst\u00fctzung bieten, egal ob der Kunde in Bonn, Bornheim oder Alfter sitzt.<\/p>\t\t\t\t\t\t\t\t<\/div>\n\t\t\t\t\t<\/div>\n\t\t\t\t<\/div>\n\t\t<div class=\"elementor-element elementor-element-639a428 e-flex e-con-boxed e-con e-parent\" data-id=\"639a428\" data-element_type=\"container\" data-e-type=\"container\">\n\t\t\t\t\t<div class=\"e-con-inner\">\n\t\t\t\t<div class=\"elementor-element elementor-element-c99349c elementor-widget elementor-widget-heading\" data-id=\"c99349c\" data-element_type=\"widget\" data-e-type=\"widget\" data-widget_type=\"heading.default\">\n\t\t\t\t\t<h3 class=\"elementor-heading-title elementor-size-default\">Fernwartung f\u00fcr Privatpersonen und Unternehmen<\/h3>\t\t\t\t<\/div>\n\t\t\t\t<div class=\"elementor-element elementor-element-85ce905 elementor-widget elementor-widget-text-editor\" data-id=\"85ce905\" data-element_type=\"widget\" data-e-type=\"widget\" data-widget_type=\"text-editor.default\">\n\t\t\t\t\t\t\t\t\t<p>Remote Support ist besonders n\u00fctzlich f\u00fcr Unternehmen und Privatpersonen, die schnelle und zuverl\u00e4ssige IT-Unterst\u00fctzung ben\u00f6tigen. In Bonn, Bornheim und Alfter gibt es eine Vielzahl von Anbietern, die Fernwartungsdienste f\u00fcr PCs, Laptops und Netzwerke anbieten. Besonders f\u00fcr Unternehmen, die auf ihre IT-Infrastruktur angewiesen sind, ist es wichtig, dass technische Probleme schnell und effizient gel\u00f6st werden. In solchen F\u00e4llen bieten <strong>Fernwartungsservices Bornheim<\/strong> und <strong>Fernwartungsl\u00f6sungen Alfter<\/strong> eine ideale L\u00f6sung.<\/p><p>Ein weiterer Vorteil von Fernwartungsdiensten ist, dass sie sehr flexibel sind. Egal, ob es sich um <strong>IT\u00a0<\/strong><b>Remote-Support<\/b>\u00a0<strong>in der N\u00e4he<\/strong> handelt oder um einen speziellen <strong>Remote Support Bonn<\/strong>, Fernwartungsservices bieten schnelle Hilfe, ohne dass lange Wartezeiten oder Reisen erforderlich sind. Das spart nicht nur Zeit, sondern auch Kosten, da keine Anfahrtswege anfallen und die Probleme direkt gel\u00f6st werden k\u00f6nnen.<\/p>\t\t\t\t\t\t\t\t<\/div>\n\t\t\t\t\t<\/div>\n\t\t\t\t<\/div>\n\t\t<div class=\"elementor-element elementor-element-f292b92 e-flex e-con-boxed e-con e-parent\" data-id=\"f292b92\" data-element_type=\"container\" data-e-type=\"container\">\n\t\t\t\t\t<div class=\"e-con-inner\">\n\t\t\t\t<div class=\"elementor-element elementor-element-81e156c elementor-widget elementor-widget-heading\" data-id=\"81e156c\" data-element_type=\"widget\" data-e-type=\"widget\" data-widget_type=\"heading.default\">\n\t\t\t\t\t<h4 class=\"elementor-heading-title elementor-size-default\">Wie funktioniert die Remote Service ?<\/h4>\t\t\t\t<\/div>\n\t\t\t\t<div class=\"elementor-element elementor-element-6d82b03 elementor-widget elementor-widget-text-editor\" data-id=\"6d82b03\" data-element_type=\"widget\" data-e-type=\"widget\" data-widget_type=\"text-editor.default\">\n\t\t\t\t\t\t\t\t\t<p>Der Prozess der<\/p><p>Remote Service\u00a0ist in der Regel einfach und benutzerfreundlich. Zuerst m\u00fcssen Sie sich mit einem <strong>IT Fernwartungsdienst Bonn<\/strong> oder einem \u00e4hnlichen Anbieter in <strong>Bornheim<\/strong> oder <strong>Alfter<\/strong> in Verbindung setzen. Der Anbieter wird dann ein spezielles Fernwartungstool verwenden, um auf Ihr Ger\u00e4t zuzugreifen. Nachdem Sie das Tool heruntergeladen und installiert haben, stellt der Techniker eine sichere Verbindung her, um das Problem zu analysieren und zu beheben.<\/p><p>Ein wichtiger Aspekt der Remote Support ist die <strong>Sicherheit<\/strong>. Bei <strong>sicherer Online-IT-Service Bonn<\/strong> achten die Anbieter darauf, dass die Verbindung verschl\u00fcsselt und vor unbefugtem Zugriff gesch\u00fctzt ist. Nur mit Ihrer Zustimmung hat der Techniker Zugriff auf das System, und dieser Zugang wird nach Beendigung der Sitzung sofort wieder entzogen. Das gew\u00e4hrleistet, dass Ihre Daten gesch\u00fctzt bleiben.<\/p><p><strong>Vorteile der Fernzugriff\u00a0<\/strong><\/p><p>Es gibt zahlreiche Vorteile, die <strong>Fernwartungsdienste Bornheim<\/strong> und <strong>IT Hilfe per Fernwartung Alfter<\/strong> bieten:<\/p><ol><li><p><strong>Schnelligkeit:<\/strong> Fernwartung erm\u00f6glicht eine schnelle Probleml\u00f6sung, da der Techniker sofort auf das Ger\u00e4t zugreifen kann, ohne vor Ort erscheinen zu m\u00fcssen.<\/p><\/li><li><p><strong>Kosteng\u00fcnstigkeit:<\/strong> Da keine Anfahrtskosten anfallen, ist Fernwartung deutlich g\u00fcnstiger als herk\u00f6mmlicher IT-Support vor Ort.<\/p><\/li><li><p><strong>Komfort:<\/strong> Sie m\u00fcssen Ihr Ger\u00e4t nicht transportieren oder auf einen Techniker warten. Der Support erfolgt direkt \u00fcber das Internet.<\/p><\/li><li><p><strong>Verf\u00fcgbarkeit:<\/strong> <strong>Fernwartung f\u00fcr Unternehmen Bornheim<\/strong> und <strong>IT Support aus der Ferne Bonn<\/strong> sind oft rund um die Uhr verf\u00fcgbar, was besonders f\u00fcr Unternehmen mit internationaler Kundschaft oder anspruchsvollen IT-Anforderungen von Vorteil ist.<\/p><\/li><li><p><strong>Zug\u00e4nglichkeit:<\/strong> Egal, ob Sie sich in <strong>Alfter<\/strong>, <strong>Bornheim<\/strong> oder einem anderen Ort in der Umgebung von Bonn befinden \u2013 Fernwartung macht es m\u00f6glich, IT-Support zu erhalten, wo immer Sie sind.<\/p><\/li><\/ol>\t\t\t\t\t\t\t\t<\/div>\n\t\t\t\t\t<\/div>\n\t\t\t\t<\/div>\n\t\t<div class=\"elementor-element elementor-element-87efcab e-flex e-con-boxed e-con e-parent\" data-id=\"87efcab\" data-element_type=\"container\" data-e-type=\"container\">\n\t\t\t\t\t<div class=\"e-con-inner\">\n\t\t\t\t<div class=\"elementor-element elementor-element-f5b2f38 elementor-widget elementor-widget-heading\" data-id=\"f5b2f38\" data-element_type=\"widget\" data-e-type=\"widget\" data-widget_type=\"heading.default\">\n\t\t\t\t\t<h4 class=\"elementor-heading-title elementor-size-default\">Remote-Hilfe f\u00fcr Unternehmen und Firmen<\/h4>\t\t\t\t<\/div>\n\t\t\t\t<div class=\"elementor-element elementor-element-6f73603 elementor-widget elementor-widget-text-editor\" data-id=\"6f73603\" data-element_type=\"widget\" data-e-type=\"widget\" data-widget_type=\"text-editor.default\">\n\t\t\t\t\t\t\t\t\t<p>F\u00fcr Unternehmen ist eine stabile IT-Infrastruktur von entscheidender Bedeutung. <strong>IT Remote-Hilfe f\u00fcr Firmen Bonn<\/strong> bietet Unternehmen in der Region eine effiziente M\u00f6glichkeit, ihre Systeme in Betrieb zu halten, ohne lange Ausfallzeiten oder hohe Kosten f\u00fcr den Vor-Ort-Service in Kauf nehmen zu m\u00fcssen. Besonders f\u00fcr kleinere Unternehmen und Start-ups in <strong>Bornheim<\/strong> oder <strong>Alfter<\/strong>, die keine eigenen IT-Abteilungen haben, ist der Zugriff auf <strong>professionelle Technische Unterst\u00fctzung Bornheim<\/strong> eine hervorragende M\u00f6glichkeit, technische Probleme schnell zu l\u00f6sen.<\/p><p>Dar\u00fcber hinaus bietet die <strong>Fernwartungsl\u00f6sungen Alfter<\/strong> eine zuverl\u00e4ssige M\u00f6glichkeit, IT-Systeme regelm\u00e4\u00dfig zu \u00fcberwachen und pr\u00e4ventive Wartungsma\u00dfnahmen zu ergreifen. So lassen sich potenzielle Probleme fr\u00fchzeitig erkennen und beheben, bevor sie zu gr\u00f6\u00dferen St\u00f6rungen f\u00fchren.<\/p><p><strong>F\u00fcr Privatkunden<\/strong><\/p><p>Aber auch f\u00fcr Privatkunden ist Remote-Hilfe eine wertvolle Ressource. Sie ben\u00f6tigen Hilfe bei der <a href=\"https:\/\/itexperte24.de\/en\/\" target=\"_blank\" rel=\"nofollow noopener\"><strong>PC Remote-Hilfe Bonn<\/strong> oder <strong>Laptop Remote-Hilfe Bornheim<\/strong>?<\/a> Fernwartungsl\u00f6sungen bieten schnelle Hilfe, sei es bei Softwareproblemen, Virenbefall oder anderen IT-Problemen. Dank der einfachen Handhabung k\u00f6nnen auch weniger technikaffine Nutzer von <a href=\"https:\/\/heiprotec.de\/it-fernwartung\/\" target=\"_blank\" rel=\"nofollow noopener\"><strong>Computer Remote-Hilfe Alfter<\/strong><\/a> profitieren, ohne den Komfort ihres Zuhauses verlassen zu m\u00fcssen.<\/p><p><strong>Fazit: Remote-Hilfe als <a href=\"https:\/\/ittechno.de\/fernwartung-mit-teamviewer\/\" target=\"_blank\" rel=\"noopener\">effiziente L\u00f6sung f\u00fcr alle<\/a><\/strong><\/p><p>Ob f\u00fcr <strong>Fernwartung in der Umgebung Bonn, Bornheim, Alfter<\/strong> oder <strong>Fernwartungsservices Alfter<\/strong>, diese moderne Form der IT-Unterst\u00fctzung bietet zahlreiche Vorteile. Sie erm\u00f6glicht schnellen, sicheren und kosteng\u00fcnstigen IT-Support f\u00fcr Unternehmen und Privatpersonen. Besonders in einer schnelllebigen und technologiegetriebenen Welt ist es von entscheidender Bedeutung, auf zuverl\u00e4ssige <strong>Fernwartungsdienste<\/strong> zur\u00fcckzugreifen, um die IT-Bed\u00fcrfnisse jederzeit und \u00fcberall zu erf\u00fcllen.<\/p>\t\t\t\t\t\t\t\t<\/div>\n\t\t\t\t\t<\/div>\n\t\t\t\t<\/div>\n\t\t\t\t<\/div>","protected":false},"excerpt":{"rendered":"<p>Remote Service : Schnelle und effiziente IT-Hilfe direkt bei Ihnen\u200b Ben\u00f6tigen Sie schnelle IT-Hilfe? Mit Remote-Service k\u00f6nnen Experten aus der Ferne Ihr Ger\u00e4t reparieren und aktualisieren \u2013 schnell und kosteng\u00fcnstig. Egal ob Bonn, Bornheim oder Alfter, profitieren Sie von einer zuverl\u00e4ssigen L\u00f6sung, die Ausfallzeiten minimiert. Rufen Sie uns an! Jetzt Angebot anfordern! Teamviewer quicksupport Herunterladen [&hellip;]<\/p>\n","protected":false},"author":2,"featured_media":2014,"parent":0,"menu_order":0,"comment_status":"closed","ping_status":"closed","template":"elementor_header_footer","meta":{"footnotes":""},"class_list":["post-2011","page","type-page","status-publish","has-post-thumbnail","hentry"],"_links":{"self":[{"href":"https:\/\/itexperte24.de\/en\/wp-json\/wp\/v2\/pages\/2011","targetHints":{"allow":["GET"]}}],"collection":[{"href":"https:\/\/itexperte24.de\/en\/wp-json\/wp\/v2\/pages"}],"about":[{"href":"https:\/\/itexperte24.de\/en\/wp-json\/wp\/v2\/types\/page"}],"author":[{"embeddable":true,"href":"https:\/\/itexperte24.de\/en\/wp-json\/wp\/v2\/users\/2"}],"replies":[{"embeddable":true,"href":"https:\/\/itexperte24.de\/en\/wp-json\/wp\/v2\/comments?post=2011"}],"version-history":[{"count":0,"href":"https:\/\/itexperte24.de\/en\/wp-json\/wp\/v2\/pages\/2011\/revisions"}],"wp:featuredmedia":[{"embeddable":true,"href":"https:\/\/itexperte24.de\/en\/wp-json\/wp\/v2\/media\/2014"}],"wp:attachment":[{"href":"https:\/\/itexperte24.de\/en\/wp-json\/wp\/v2\/media?parent=2011"}],"curies":[{"name":"wp","href":"https:\/\/api.w.org\/{rel}","templated":true}]}}